{"id":1261,"date":"2023-01-30T12:26:04","date_gmt":"2023-01-30T11:26:04","guid":{"rendered":"https:\/\/lafontana.nu\/?page_id=1261"},"modified":"2026-03-03T19:02:55","modified_gmt":"2026-03-03T18:02:55","slug":"var-historia","status":"publish","type":"page","link":"https:\/\/lafontana.nu\/en\/var-historia\/","title":{"rendered":"Visby V\u00e5r historia"},"content":{"rendered":"<div data-elementor-type=\"wp-page\" data-elementor-id=\"1261\" class=\"elementor elementor-1261\" data-elementor-post-type=\"page\">\n\t\t\t\t\t\t<section class=\"elementor-section elementor-top-section elementor-element elementor-element-fc0a228 elementor-section-height-min-height elementor-section-items-stretch elementor-section-boxed elementor-section-height-default\" data-id=\"fc0a228\" data-element_type=\"section\" data-e-type=\"section\" data-settings=\"{&quot;background_background&quot;:&quot;classic&quot;}\">\n\t\t\t\t\t\t\t<div class=\"elementor-background-overlay\"><\/div>\n\t\t\t\t\t\t\t<div class=\"elementor-container elementor-column-gap-default\">\n\t\t\t\t\t<div class=\"elementor-column elementor-col-100 elementor-top-column elementor-element elementor-element-ddc443d\" data-id=\"ddc443d\" data-element_type=\"column\" data-e-type=\"column\">\n\t\t\t<div class=\"elementor-widget-wrap elementor-element-populated\">\n\t\t\t\t\t\t<div class=\"elementor-element elementor-element-ef7ff19 elementor-invisible elementor-widget elementor-widget-heading\" data-id=\"ef7ff19\" data-element_type=\"widget\" data-e-type=\"widget\" data-settings=\"{&quot;_animation&quot;:&quot;fadeIn&quot;}\" data-widget_type=\"heading.default\">\n\t\t\t\t<div class=\"elementor-widget-container\">\n\t\t\t\t\t<h1 class=\"elementor-heading-title elementor-size-default\">Our history<\/h1>\t\t\t\t<\/div>\n\t\t\t\t<\/div>\n\t\t\t\t<div class=\"elementor-element elementor-element-4fc946f elementor-invisible elementor-widget elementor-widget-heading\" data-id=\"4fc946f\" data-element_type=\"widget\" data-e-type=\"widget\" data-settings=\"{&quot;_animation&quot;:&quot;fadeIn&quot;}\" data-widget_type=\"heading.default\">\n\t\t\t\t<div class=\"elementor-widget-container\">\n\t\t\t\t\t<h2 class=\"elementor-heading-title elementor-size-default\">From Visby to S\u00f6dert\u00e4lje<\/h2>\t\t\t\t<\/div>\n\t\t\t\t<\/div>\n\t\t\t\t<div class=\"elementor-element elementor-element-5ab2e9f elementor-view-stacked elementor-widget__width-auto down-btn elementor-shape-circle elementor-widget elementor-widget-icon\" data-id=\"5ab2e9f\" data-element_type=\"widget\" data-e-type=\"widget\" data-widget_type=\"icon.default\">\n\t\t\t\t<div class=\"elementor-widget-container\">\n\t\t\t\t\t\t\t<div class=\"elementor-icon-wrapper\">\n\t\t\t<a class=\"elementor-icon\" href=\"#historia\">\n\t\t\t<i aria-hidden=\"true\" class=\"fas fa-long-arrow-alt-down\"><\/i>\t\t\t<\/a>\n\t\t<\/div>\n\t\t\t\t\t\t<\/div>\n\t\t\t\t<\/div>\n\t\t\t\t\t<\/div>\n\t\t<\/div>\n\t\t\t\t\t<\/div>\n\t\t<\/section>\n\t\t\t\t<div class=\"elementor-section elementor-top-section elementor-element elementor-element-5a55971 elementor-section-height-min-height elementor-section-items-stretch elementor-section-content-middle elementor-reverse-mobile elementor-section-boxed elementor-section-height-default\" data-id=\"5a55971\" data-element_type=\"section\" data-e-type=\"section\" data-settings=\"{&quot;background_background&quot;:&quot;classic&quot;}\">\n\t\t\t\t\t\t<div class=\"elementor-container elementor-column-gap-wider\">\n\t\t\t\t\t<div class=\"elementor-column elementor-col-50 elementor-top-column elementor-element elementor-element-7897d73 elementor-invisible\" data-id=\"7897d73\" data-element_type=\"column\" data-e-type=\"column\" data-settings=\"{&quot;animation&quot;:&quot;fadeIn&quot;}\">\n\t\t\t<div class=\"elementor-widget-wrap elementor-element-populated\">\n\t\t\t\t\t\t<div class=\"elementor-element elementor-element-530380e elementor-absolute elementor-widget elementor-widget-menu-anchor\" data-id=\"530380e\" data-element_type=\"widget\" data-e-type=\"widget\" data-settings=\"{&quot;_position&quot;:&quot;absolute&quot;}\" data-widget_type=\"menu-anchor.default\">\n\t\t\t\t<div class=\"elementor-widget-container\">\n\t\t\t\t\t\t\t<div class=\"elementor-menu-anchor\" id=\"historia\"><\/div>\n\t\t\t\t\t\t<\/div>\n\t\t\t\t<\/div>\n\t\t\t\t<div class=\"elementor-element elementor-element-e3f0bb9 elementor-widget elementor-widget-image\" data-id=\"e3f0bb9\" data-element_type=\"widget\" data-e-type=\"widget\" data-widget_type=\"image.default\">\n\t\t\t\t<div class=\"elementor-widget-container\">\n\t\t\t\t\t\t\t\t\t\t\t\t\t\t\t<img fetchpriority=\"high\" decoding=\"async\" width=\"800\" height=\"446\" src=\"https:\/\/lafontana.nu\/wp-content\/uploads\/2023\/02\/La-Fontana-1024x571.png\" class=\"attachment-large size-large wp-image-1671\" alt=\"\" srcset=\"https:\/\/lafontana.nu\/wp-content\/uploads\/2023\/02\/La-Fontana-1024x571.png 1024w, https:\/\/lafontana.nu\/wp-content\/uploads\/2023\/02\/La-Fontana-300x167.png 300w, https:\/\/lafontana.nu\/wp-content\/uploads\/2023\/02\/La-Fontana-768x428.png 768w, https:\/\/lafontana.nu\/wp-content\/uploads\/2023\/02\/La-Fontana-18x10.png 18w, https:\/\/lafontana.nu\/wp-content\/uploads\/2023\/02\/La-Fontana.png 1170w\" sizes=\"(max-width: 800px) 100vw, 800px\" \/>\t\t\t\t\t\t\t\t\t\t\t\t\t\t\t<\/div>\n\t\t\t\t<\/div>\n\t\t\t\t\t<\/div>\n\t\t<\/div>\n\t\t\t\t<div class=\"elementor-column elementor-col-50 elementor-top-column elementor-element elementor-element-c1aa90e elementor-invisible\" data-id=\"c1aa90e\" data-element_type=\"column\" data-e-type=\"column\" data-settings=\"{&quot;animation&quot;:&quot;fadeIn&quot;}\">\n\t\t\t<div class=\"elementor-widget-wrap elementor-element-populated\">\n\t\t\t\t\t\t<div class=\"elementor-element elementor-element-d94af9f elementor-widget elementor-widget-heading\" data-id=\"d94af9f\" data-element_type=\"widget\" data-e-type=\"widget\" data-widget_type=\"heading.default\">\n\t\t\t\t<div class=\"elementor-widget-container\">\n\t\t\t\t\t<h2 class=\"elementor-heading-title elementor-size-default\">Sedan 1994<\/h2>\t\t\t\t<\/div>\n\t\t\t\t<\/div>\n\t\t\t\t<div class=\"elementor-element elementor-element-54799e9 elementor-widget elementor-widget-text-editor\" data-id=\"54799e9\" data-element_type=\"widget\" data-e-type=\"widget\" data-widget_type=\"text-editor.default\">\n\t\t\t\t<div class=\"elementor-widget-container\">\n\t\t\t\t\t\t\t\t\t<p>La Fontana was founded with the principle of serving a modern Scandinavian menu infiltrated by Italian cuisine, today we are much more than that.&nbsp;&nbsp;<\/p>\t\t\t\t\t\t\t\t<\/div>\n\t\t\t\t<\/div>\n\t\t\t\t<div class=\"elementor-element elementor-element-cf84528 elementor-widget elementor-widget-text-editor\" data-id=\"cf84528\" data-element_type=\"widget\" data-e-type=\"widget\" data-widget_type=\"text-editor.default\">\n\t\t\t\t<div class=\"elementor-widget-container\">\n\t\t\t\t\t\t\t\t\t<p>La Fontana grundades 1994 och \u00e4r Visbys f\u00f6rsta italienska restaurang. Konceptet har utvecklats och finslipats under \u00e5ren d\u00e4r vi st\u00e4ndigt vill f\u00f6rb\u00e4ttras. I dagsl\u00e4get best\u00e5r La Fontana av tv\u00e5 restauranger d\u00e4r den andra \u00f6ppnat upp i b\u00f6rjan p\u00e5 2023.<\/p>\t\t\t\t\t\t\t\t<\/div>\n\t\t\t\t<\/div>\n\t\t\t\t<div class=\"elementor-element elementor-element-2211777 elementor-widget__width-auto elementor-widget elementor-widget-button\" data-id=\"2211777\" data-element_type=\"widget\" data-e-type=\"widget\" data-settings=\"{&quot;_animation_tablet&quot;:&quot;none&quot;}\" data-widget_type=\"button.default\">\n\t\t\t\t<div class=\"elementor-widget-container\">\n\t\t\t\t\t\t\t\t\t<div class=\"elementor-button-wrapper\">\n\t\t\t\t\t<a class=\"elementor-button elementor-button-link elementor-size-sm\" href=\"https:\/\/lafontana.nu\/en\/kontakta-oss\/\" rel=\"nofollow\">\n\t\t\t\t\t\t<span class=\"elementor-button-content-wrapper\">\n\t\t\t\t\t\t\t\t\t<span class=\"elementor-button-text\">Contact Us<\/span>\n\t\t\t\t\t<\/span>\n\t\t\t\t\t<\/a>\n\t\t\t\t<\/div>\n\t\t\t\t\t\t\t\t<\/div>\n\t\t\t\t<\/div>\n\t\t\t\t\t<\/div>\n\t\t<\/div>\n\t\t\t\t\t<\/div>\n\t\t<\/div>\n\t\t\t\t<div class=\"elementor-section elementor-top-section elementor-element elementor-element-04fd68a elementor-section-height-min-height elementor-section-items-stretch elementor-section-content-middle elementor-section-boxed elementor-section-height-default\" data-id=\"04fd68a\" data-element_type=\"section\" data-e-type=\"section\" data-settings=\"{&quot;background_background&quot;:&quot;classic&quot;}\">\n\t\t\t\t\t\t<div class=\"elementor-container elementor-column-gap-wider\">\n\t\t\t\t\t<section class=\"elementor-column elementor-col-50 elementor-top-column elementor-element elementor-element-a248a7a elementor-invisible\" data-id=\"a248a7a\" data-element_type=\"column\" data-e-type=\"column\" data-settings=\"{&quot;animation&quot;:&quot;fadeIn&quot;}\">\n\t\t\t<div class=\"elementor-widget-wrap elementor-element-populated\">\n\t\t\t\t\t\t<div class=\"elementor-element elementor-element-63b4178 elementor-widget elementor-widget-heading\" data-id=\"63b4178\" data-element_type=\"widget\" data-e-type=\"widget\" data-widget_type=\"heading.default\">\n\t\t\t\t<div class=\"elementor-widget-container\">\n\t\t\t\t\t<h2 class=\"elementor-heading-title elementor-size-default\">2023 S\u00f6dert\u00e4lje<\/h2>\t\t\t\t<\/div>\n\t\t\t\t<\/div>\n\t\t\t\t<div class=\"elementor-element elementor-element-3a68e9f elementor-widget elementor-widget-text-editor\" data-id=\"3a68e9f\" data-element_type=\"widget\" data-e-type=\"widget\" data-widget_type=\"text-editor.default\">\n\t\t\t\t<div class=\"elementor-widget-container\">\n\t\t\t\t\t\t\t\t\t<p>In the heart of S\u00f6dert\u00e4lje, more precisely at Strandgatan 10, is La Fontana. It was during the pandemic that the idea of developing and taking the concept to the mainland was created.<\/p>\t\t\t\t\t\t\t\t<\/div>\n\t\t\t\t<\/div>\n\t\t\t\t<div class=\"elementor-element elementor-element-55c35a1 elementor-widget elementor-widget-text-editor\" data-id=\"55c35a1\" data-element_type=\"widget\" data-e-type=\"widget\" data-widget_type=\"text-editor.default\">\n\t\t\t\t<div class=\"elementor-widget-container\">\n\t\t\t\t\t\t\t\t\t<p>La Fontana opened its doors in S\u00f6dert\u00e4lje in January 2023. With a concept unlike any other, we try to create the best taste experiences in a lovely<br \/>atmosphere together with a sociable gathering.<\/p>\t\t\t\t\t\t\t\t<\/div>\n\t\t\t\t<\/div>\n\t\t\t\t\t<\/div>\n\t\t<\/section>\n\t\t\t\t<section class=\"elementor-column elementor-col-50 elementor-top-column elementor-element elementor-element-3234d12 elementor-invisible\" data-id=\"3234d12\" data-element_type=\"column\" data-e-type=\"column\" data-settings=\"{&quot;animation&quot;:&quot;fadeIn&quot;}\">\n\t\t\t<div class=\"elementor-widget-wrap elementor-element-populated\">\n\t\t\t\t\t\t<div class=\"elementor-element elementor-element-fdcf4a7 elementor-widget elementor-widget-image\" data-id=\"fdcf4a7\" data-element_type=\"widget\" data-e-type=\"widget\" data-widget_type=\"image.default\">\n\t\t\t\t<div class=\"elementor-widget-container\">\n\t\t\t\t\t\t\t\t\t\t\t\t\t\t\t<img decoding=\"async\" width=\"800\" height=\"442\" src=\"https:\/\/lafontana.nu\/wp-content\/uploads\/2023\/02\/IMG_7604-1024x566.jpeg\" class=\"attachment-large size-large wp-image-1606\" alt=\"\" srcset=\"https:\/\/lafontana.nu\/wp-content\/uploads\/2023\/02\/IMG_7604-1024x566.jpeg 1024w, https:\/\/lafontana.nu\/wp-content\/uploads\/2023\/02\/IMG_7604-300x166.jpeg 300w, https:\/\/lafontana.nu\/wp-content\/uploads\/2023\/02\/IMG_7604-768x425.jpeg 768w, https:\/\/lafontana.nu\/wp-content\/uploads\/2023\/02\/IMG_7604-18x10.jpeg 18w, https:\/\/lafontana.nu\/wp-content\/uploads\/2023\/02\/IMG_7604.jpeg 1170w\" sizes=\"(max-width: 800px) 100vw, 800px\" \/>\t\t\t\t\t\t\t\t\t\t\t\t\t\t\t<\/div>\n\t\t\t\t<\/div>\n\t\t\t\t\t<\/div>\n\t\t<\/section>\n\t\t\t\t\t<\/div>\n\t\t<\/div>\n\t\t\t\t<\/div>","protected":false},"excerpt":{"rendered":"<p>V\u00e5r historia Fr\u00e5n Visby till S\u00f6dert\u00e4lje Sedan 1994 La Fontana grundades med principen av att servera en modern skandinavisk meny infiltrerad av det italienska k\u00f6ket, idag \u00e4r vi mycket mer \u00e4n s\u00e5.&nbsp;&nbsp; La Fontana grundades 1994 och \u00e4r Visbys f\u00f6rsta italienska restaurang. Konceptet har utvecklats och finslipats under \u00e5ren d\u00e4r vi st\u00e4ndigt vill f\u00f6rb\u00e4ttras. I [&hellip;]<\/p>\n","protected":false},"author":1,"featured_media":942,"parent":0,"menu_order":0,"comment_status":"closed","ping_status":"closed","template":"elementor_header_footer","meta":{"footnotes":""},"class_list":["post-1261","page","type-page","status-publish","has-post-thumbnail","hentry"],"yoast_head":"<!-- This site is optimized with the Yoast SEO plugin v27.1.1 - https:\/\/yoast.com\/product\/yoast-seo-wordpress\/ -->\n<title>La Fontana - V\u00e5r Historia (Visby)<\/title>\n<meta name=\"robots\" content=\"index, follow, max-snippet:-1, max-image-preview:large, max-video-preview:-1\" \/>\n<link rel=\"canonical\" href=\"https:\/\/lafontana.nu\/en\/var-historia\/\" \/>\n<meta property=\"og:locale\" content=\"en_GB\" \/>\n<meta property=\"og:type\" content=\"article\" \/>\n<meta property=\"og:title\" content=\"La Fontana - V\u00e5r Historia (Visby)\" \/>\n<meta property=\"og:description\" content=\"V\u00e5r historia Fr\u00e5n Visby till S\u00f6dert\u00e4lje Sedan 1994 La Fontana grundades med principen av att servera en modern skandinavisk meny infiltrerad av det italienska k\u00f6ket, idag \u00e4r vi mycket mer \u00e4n s\u00e5.&nbsp;&nbsp; La Fontana grundades 1994 och \u00e4r Visbys f\u00f6rsta italienska restaurang. Konceptet har utvecklats och finslipats under \u00e5ren d\u00e4r vi st\u00e4ndigt vill f\u00f6rb\u00e4ttras. I [&hellip;]\" \/>\n<meta property=\"og:url\" content=\"https:\/\/lafontana.nu\/en\/var-historia\/\" \/>\n<meta property=\"og:site_name\" content=\"lafontana.nu\" \/>\n<meta property=\"article:modified_time\" content=\"2026-03-03T18:02:55+00:00\" \/>\n<meta property=\"og:image\" content=\"https:\/\/lafontana.nu\/wp-content\/uploads\/2023\/01\/La-Fontana-Google-banner.jpg\" \/>\n\t<meta property=\"og:image:width\" content=\"544\" \/>\n\t<meta property=\"og:image:height\" content=\"252\" \/>\n\t<meta property=\"og:image:type\" content=\"image\/jpeg\" \/>\n<meta name=\"twitter:card\" content=\"summary_large_image\" \/>\n<meta name=\"twitter:label1\" content=\"Estimated reading time\" \/>\n\t<meta name=\"twitter:data1\" content=\"2 minutes\" \/>\n<script type=\"application\/ld+json\" class=\"yoast-schema-graph\">{\"@context\":\"https:\/\/schema.org\",\"@graph\":[{\"@type\":\"WebPage\",\"@id\":\"https:\/\/lafontana.nu\/var-historia\/\",\"url\":\"https:\/\/lafontana.nu\/var-historia\/\",\"name\":\"La Fontana - V\u00e5r Historia (Visby)\",\"isPartOf\":{\"@id\":\"https:\/\/lafontana.nu\/#website\"},\"primaryImageOfPage\":{\"@id\":\"https:\/\/lafontana.nu\/var-historia\/#primaryimage\"},\"image\":{\"@id\":\"https:\/\/lafontana.nu\/var-historia\/#primaryimage\"},\"thumbnailUrl\":\"https:\/\/lafontana.nu\/wp-content\/uploads\/2023\/01\/La-Fontana-Google-banner.jpg\",\"datePublished\":\"2023-01-30T11:26:04+00:00\",\"dateModified\":\"2026-03-03T18:02:55+00:00\",\"breadcrumb\":{\"@id\":\"https:\/\/lafontana.nu\/var-historia\/#breadcrumb\"},\"inLanguage\":\"en-GB\",\"potentialAction\":[{\"@type\":\"ReadAction\",\"target\":[\"https:\/\/lafontana.nu\/var-historia\/\"]}]},{\"@type\":\"ImageObject\",\"inLanguage\":\"en-GB\",\"@id\":\"https:\/\/lafontana.nu\/var-historia\/#primaryimage\",\"url\":\"https:\/\/lafontana.nu\/wp-content\/uploads\/2023\/01\/La-Fontana-Google-banner.jpg\",\"contentUrl\":\"https:\/\/lafontana.nu\/wp-content\/uploads\/2023\/01\/La-Fontana-Google-banner.jpg\",\"width\":544,\"height\":252},{\"@type\":\"BreadcrumbList\",\"@id\":\"https:\/\/lafontana.nu\/var-historia\/#breadcrumb\",\"itemListElement\":[{\"@type\":\"ListItem\",\"position\":1,\"name\":\"Hem\",\"item\":\"https:\/\/lafontana.nu\/\"},{\"@type\":\"ListItem\",\"position\":2,\"name\":\"Visby V\u00e5r historia\"}]},{\"@type\":\"WebSite\",\"@id\":\"https:\/\/lafontana.nu\/#website\",\"url\":\"https:\/\/lafontana.nu\/\",\"name\":\"La Fontana\",\"description\":\"Restaurang &amp; Logi\",\"publisher\":{\"@id\":\"https:\/\/lafontana.nu\/#organization\"},\"alternateName\":\"La Fontana\",\"potentialAction\":[{\"@type\":\"SearchAction\",\"target\":{\"@type\":\"EntryPoint\",\"urlTemplate\":\"https:\/\/lafontana.nu\/?s={search_term_string}\"},\"query-input\":{\"@type\":\"PropertyValueSpecification\",\"valueRequired\":true,\"valueName\":\"search_term_string\"}}],\"inLanguage\":\"en-GB\"},{\"@type\":\"Organization\",\"@id\":\"https:\/\/lafontana.nu\/#organization\",\"name\":\"La Fontana\",\"alternateName\":\"La Fontana\",\"url\":\"https:\/\/lafontana.nu\/\",\"logo\":{\"@type\":\"ImageObject\",\"inLanguage\":\"en-GB\",\"@id\":\"https:\/\/lafontana.nu\/#\/schema\/logo\/image\/\",\"url\":\"https:\/\/lafontana.nu\/wp-content\/uploads\/2023\/01\/cropped-LaFontanaCropped.png\",\"contentUrl\":\"https:\/\/lafontana.nu\/wp-content\/uploads\/2023\/01\/cropped-LaFontanaCropped.png\",\"width\":512,\"height\":512,\"caption\":\"La Fontana\"},\"image\":{\"@id\":\"https:\/\/lafontana.nu\/#\/schema\/logo\/image\/\"},\"sameAs\":[\"https:\/\/www.instagram.com\/lafontanasodertalje\/\"]}]}<\/script>\n<!-- \/ Yoast SEO plugin. -->","yoast_head_json":{"title":"La Fontana - V\u00e5r Historia (Visby)","robots":{"index":"index","follow":"follow","max-snippet":"max-snippet:-1","max-image-preview":"max-image-preview:large","max-video-preview":"max-video-preview:-1"},"canonical":"https:\/\/lafontana.nu\/en\/var-historia\/","og_locale":"en_GB","og_type":"article","og_title":"La Fontana - V\u00e5r Historia (Visby)","og_description":"V\u00e5r historia Fr\u00e5n Visby till S\u00f6dert\u00e4lje Sedan 1994 La Fontana grundades med principen av att servera en modern skandinavisk meny infiltrerad av det italienska k\u00f6ket, idag \u00e4r vi mycket mer \u00e4n s\u00e5.&nbsp;&nbsp; La Fontana grundades 1994 och \u00e4r Visbys f\u00f6rsta italienska restaurang. Konceptet har utvecklats och finslipats under \u00e5ren d\u00e4r vi st\u00e4ndigt vill f\u00f6rb\u00e4ttras. I [&hellip;]","og_url":"https:\/\/lafontana.nu\/en\/var-historia\/","og_site_name":"lafontana.nu","article_modified_time":"2026-03-03T18:02:55+00:00","og_image":[{"width":544,"height":252,"url":"https:\/\/lafontana.nu\/wp-content\/uploads\/2023\/01\/La-Fontana-Google-banner.jpg","type":"image\/jpeg"}],"twitter_card":"summary_large_image","twitter_misc":{"Estimated reading time":"2 minutes"},"schema":{"@context":"https:\/\/schema.org","@graph":[{"@type":"WebPage","@id":"https:\/\/lafontana.nu\/var-historia\/","url":"https:\/\/lafontana.nu\/var-historia\/","name":"La Fontana - V\u00e5r Historia (Visby)","isPartOf":{"@id":"https:\/\/lafontana.nu\/#website"},"primaryImageOfPage":{"@id":"https:\/\/lafontana.nu\/var-historia\/#primaryimage"},"image":{"@id":"https:\/\/lafontana.nu\/var-historia\/#primaryimage"},"thumbnailUrl":"https:\/\/lafontana.nu\/wp-content\/uploads\/2023\/01\/La-Fontana-Google-banner.jpg","datePublished":"2023-01-30T11:26:04+00:00","dateModified":"2026-03-03T18:02:55+00:00","breadcrumb":{"@id":"https:\/\/lafontana.nu\/var-historia\/#breadcrumb"},"inLanguage":"en-GB","potentialAction":[{"@type":"ReadAction","target":["https:\/\/lafontana.nu\/var-historia\/"]}]},{"@type":"ImageObject","inLanguage":"en-GB","@id":"https:\/\/lafontana.nu\/var-historia\/#primaryimage","url":"https:\/\/lafontana.nu\/wp-content\/uploads\/2023\/01\/La-Fontana-Google-banner.jpg","contentUrl":"https:\/\/lafontana.nu\/wp-content\/uploads\/2023\/01\/La-Fontana-Google-banner.jpg","width":544,"height":252},{"@type":"BreadcrumbList","@id":"https:\/\/lafontana.nu\/var-historia\/#breadcrumb","itemListElement":[{"@type":"ListItem","position":1,"name":"Hem","item":"https:\/\/lafontana.nu\/"},{"@type":"ListItem","position":2,"name":"Visby V\u00e5r historia"}]},{"@type":"WebSite","@id":"https:\/\/lafontana.nu\/#website","url":"https:\/\/lafontana.nu\/","name":"La Fontana","description":"Restaurang &amp; Logi","publisher":{"@id":"https:\/\/lafontana.nu\/#organization"},"alternateName":"La Fontana","potentialAction":[{"@type":"SearchAction","target":{"@type":"EntryPoint","urlTemplate":"https:\/\/lafontana.nu\/?s={search_term_string}"},"query-input":{"@type":"PropertyValueSpecification","valueRequired":true,"valueName":"search_term_string"}}],"inLanguage":"en-GB"},{"@type":"Organization","@id":"https:\/\/lafontana.nu\/#organization","name":"La Fontana","alternateName":"La Fontana","url":"https:\/\/lafontana.nu\/","logo":{"@type":"ImageObject","inLanguage":"en-GB","@id":"https:\/\/lafontana.nu\/#\/schema\/logo\/image\/","url":"https:\/\/lafontana.nu\/wp-content\/uploads\/2023\/01\/cropped-LaFontanaCropped.png","contentUrl":"https:\/\/lafontana.nu\/wp-content\/uploads\/2023\/01\/cropped-LaFontanaCropped.png","width":512,"height":512,"caption":"La Fontana"},"image":{"@id":"https:\/\/lafontana.nu\/#\/schema\/logo\/image\/"},"sameAs":["https:\/\/www.instagram.com\/lafontanasodertalje\/"]}]}},"_links":{"self":[{"href":"https:\/\/lafontana.nu\/en\/wp-json\/wp\/v2\/pages\/1261","targetHints":{"allow":["GET"]}}],"collection":[{"href":"https:\/\/lafontana.nu\/en\/wp-json\/wp\/v2\/pages"}],"about":[{"href":"https:\/\/lafontana.nu\/en\/wp-json\/wp\/v2\/types\/page"}],"author":[{"embeddable":true,"href":"https:\/\/lafontana.nu\/en\/wp-json\/wp\/v2\/users\/1"}],"replies":[{"embeddable":true,"href":"https:\/\/lafontana.nu\/en\/wp-json\/wp\/v2\/comments?post=1261"}],"version-history":[{"count":38,"href":"https:\/\/lafontana.nu\/en\/wp-json\/wp\/v2\/pages\/1261\/revisions"}],"predecessor-version":[{"id":1895,"href":"https:\/\/lafontana.nu\/en\/wp-json\/wp\/v2\/pages\/1261\/revisions\/1895"}],"wp:featuredmedia":[{"embeddable":true,"href":"https:\/\/lafontana.nu\/en\/wp-json\/wp\/v2\/media\/942"}],"wp:attachment":[{"href":"https:\/\/lafontana.nu\/en\/wp-json\/wp\/v2\/media?parent=1261"}],"curies":[{"name":"wp","href":"https:\/\/api.w.org\/{rel}","templated":true}]}}