{"id":1263,"date":"2023-01-30T12:26:21","date_gmt":"2023-01-30T11:26:21","guid":{"rendered":"https:\/\/lafontana.nu\/?page_id=1263"},"modified":"2025-09-08T16:35:11","modified_gmt":"2025-09-08T14:35:11","slug":"galleri","status":"publish","type":"page","link":"https:\/\/lafontana.nu\/en\/galleri\/","title":{"rendered":"Visby Galleri"},"content":{"rendered":"<div data-elementor-type=\"wp-page\" data-elementor-id=\"1263\" class=\"elementor elementor-1263\" data-elementor-post-type=\"page\">\n\t\t\t\t\t\t<section class=\"elementor-section elementor-top-section elementor-element elementor-element-cdd4a85 elementor-section-height-min-height elementor-section-items-stretch elementor-section-content-middle elementor-reverse-mobile elementor-section-boxed elementor-section-height-default\" data-id=\"cdd4a85\" data-element_type=\"section\" data-e-type=\"section\" data-settings=\"{&quot;background_background&quot;:&quot;classic&quot;}\">\n\t\t\t\t\t\t\t<div class=\"elementor-background-overlay\"><\/div>\n\t\t\t\t\t\t\t<div class=\"elementor-container elementor-column-gap-wider\">\n\t\t\t\t\t<div class=\"elementor-column elementor-col-100 elementor-top-column elementor-element elementor-element-1ab235a\" data-id=\"1ab235a\" data-element_type=\"column\" data-e-type=\"column\">\n\t\t\t<div class=\"elementor-widget-wrap elementor-element-populated\">\n\t\t\t\t\t\t<section class=\"elementor-section elementor-inner-section elementor-element elementor-element-f0e8164 elementor-section-height-min-height elementor-section-boxed elementor-section-height-default\" data-id=\"f0e8164\" data-element_type=\"section\" data-e-type=\"section\">\n\t\t\t\t\t\t<div class=\"elementor-container elementor-column-gap-default\">\n\t\t\t\t\t<div class=\"elementor-column elementor-col-100 elementor-inner-column elementor-element elementor-element-d48cd67 elementor-invisible\" data-id=\"d48cd67\" data-element_type=\"column\" data-e-type=\"column\" data-settings=\"{&quot;animation&quot;:&quot;fadeIn&quot;}\">\n\t\t\t<div class=\"elementor-widget-wrap elementor-element-populated\">\n\t\t\t\t\t\t<div class=\"elementor-element elementor-element-a771650 elementor-widget__width-auto elementor-widget-tablet__width-auto elementor-widget elementor-widget-image\" data-id=\"a771650\" data-element_type=\"widget\" data-e-type=\"widget\" data-widget_type=\"image.default\">\n\t\t\t\t<div class=\"elementor-widget-container\">\n\t\t\t\t\t\t\t\t\t\t\t\t\t\t\t<img fetchpriority=\"high\" decoding=\"async\" width=\"700\" height=\"206\" src=\"https:\/\/lafontana.nu\/wp-content\/uploads\/2023\/01\/La-Fontana-xScale-1.png\" class=\"attachment-large size-large wp-image-731\" alt=\"La Fontana\" srcset=\"https:\/\/lafontana.nu\/wp-content\/uploads\/2023\/01\/La-Fontana-xScale-1.png 700w, https:\/\/lafontana.nu\/wp-content\/uploads\/2023\/01\/La-Fontana-xScale-1-300x88.png 300w, https:\/\/lafontana.nu\/wp-content\/uploads\/2023\/01\/La-Fontana-xScale-1-18x5.png 18w, https:\/\/lafontana.nu\/wp-content\/uploads\/2023\/01\/elementor\/thumbs\/La-Fontana-xScale-1-q17cnoko8y0olla9csi96rctt690ii5nvsu6pzv3b2.png 174w\" sizes=\"(max-width: 700px) 100vw, 700px\" \/>\t\t\t\t\t\t\t\t\t\t\t\t\t\t\t<\/div>\n\t\t\t\t<\/div>\n\t\t\t\t<div class=\"elementor-element elementor-element-3fcafa9 elementor-widget elementor-widget-heading\" data-id=\"3fcafa9\" data-element_type=\"widget\" data-e-type=\"widget\" data-widget_type=\"heading.default\">\n\t\t\t\t<div class=\"elementor-widget-container\">\n\t\t\t\t\t<h2 class=\"elementor-heading-title elementor-size-default\">Our interpretation of Italian cuisine<\/h2>\t\t\t\t<\/div>\n\t\t\t\t<\/div>\n\t\t\t\t<div class=\"elementor-element elementor-element-df58b88 elementor-widget elementor-widget-text-editor\" data-id=\"df58b88\" data-element_type=\"widget\" data-e-type=\"widget\" data-widget_type=\"text-editor.default\">\n\t\t\t\t<div class=\"elementor-widget-container\">\n\t\t\t\t\t\t\t\t\t<p>With daily fresh ingredients together with a unique concept, at La Fontana we want to create a good taste experience in a relaxing atmosphere with nice company.<br \/><br \/><\/p>\t\t\t\t\t\t\t\t<\/div>\n\t\t\t\t<\/div>\n\t\t\t\t<div class=\"elementor-element elementor-element-cb8ca45 elementor-view-stacked elementor-widget__width-auto down-btn elementor-shape-circle elementor-widget elementor-widget-icon\" data-id=\"cb8ca45\" data-element_type=\"widget\" data-e-type=\"widget\" data-widget_type=\"icon.default\">\n\t\t\t\t<div class=\"elementor-widget-container\">\n\t\t\t\t\t\t\t<div class=\"elementor-icon-wrapper\">\n\t\t\t<a class=\"elementor-icon\" href=\"#italianKitchen\">\n\t\t\t<i aria-hidden=\"true\" class=\"fas fa-long-arrow-alt-down\"><\/i>\t\t\t<\/a>\n\t\t<\/div>\n\t\t\t\t\t\t<\/div>\n\t\t\t\t<\/div>\n\t\t\t\t\t<\/div>\n\t\t<\/div>\n\t\t\t\t\t<\/div>\n\t\t<\/section>\n\t\t\t\t<section class=\"elementor-section elementor-inner-section elementor-element elementor-element-8d2d5f3 elementor-section-boxed elementor-section-height-default elementor-section-height-default\" data-id=\"8d2d5f3\" data-element_type=\"section\" data-e-type=\"section\">\n\t\t\t\t\t\t<div class=\"elementor-container elementor-column-gap-default\">\n\t\t\t\t\t<div class=\"elementor-column elementor-col-100 elementor-inner-column elementor-element elementor-element-b56b69e elementor-invisible\" data-id=\"b56b69e\" data-element_type=\"column\" data-e-type=\"column\" data-settings=\"{&quot;animation&quot;:&quot;fadeIn&quot;}\">\n\t\t\t<div class=\"elementor-widget-wrap elementor-element-populated\">\n\t\t\t\t\t\t<div class=\"elementor-element elementor-element-afadc92 elementor-widget__width-auto elementor-absolute elementor-widget elementor-widget-menu-anchor\" data-id=\"afadc92\" data-element_type=\"widget\" data-e-type=\"widget\" data-settings=\"{&quot;_position&quot;:&quot;absolute&quot;}\" data-widget_type=\"menu-anchor.default\">\n\t\t\t\t<div class=\"elementor-widget-container\">\n\t\t\t\t\t\t\t<div class=\"elementor-menu-anchor\" id=\"italianKitchen\"><\/div>\n\t\t\t\t\t\t<\/div>\n\t\t\t\t<\/div>\n\t\t\t\t<div class=\"elementor-element elementor-element-55a7a69 elementor-widget elementor-widget-gallery\" data-id=\"55a7a69\" data-element_type=\"widget\" data-e-type=\"widget\" data-settings=\"{&quot;columns&quot;:3,&quot;columns_tablet&quot;:3,&quot;columns_mobile&quot;:2,&quot;gap&quot;:{&quot;unit&quot;:&quot;px&quot;,&quot;size&quot;:30,&quot;sizes&quot;:[]},&quot;gap_tablet&quot;:{&quot;unit&quot;:&quot;px&quot;,&quot;size&quot;:20,&quot;sizes&quot;:[]},&quot;gap_mobile&quot;:{&quot;unit&quot;:&quot;px&quot;,&quot;size&quot;:20,&quot;sizes&quot;:[]},&quot;gallery_layout&quot;:&quot;masonry&quot;,&quot;lazyload&quot;:&quot;yes&quot;,&quot;link_to&quot;:&quot;file&quot;,&quot;overlay_background&quot;:&quot;yes&quot;,&quot;content_hover_animation&quot;:&quot;fade-in&quot;}\" data-widget_type=\"gallery.default\">\n\t\t\t\t<div class=\"elementor-widget-container\">\n\t\t\t\t\t\t\t<div class=\"elementor-gallery__container\">\n\t\t\t\t\t\t\t<a class=\"e-gallery-item elementor-gallery-item elementor-animated-content\" href=\"https:\/\/lafontana.nu\/wp-content\/uploads\/2023\/02\/IMG_7600-scaled.jpeg\" data-elementor-open-lightbox=\"yes\" data-elementor-lightbox-slideshow=\"55a7a69\" data-elementor-lightbox-title=\"La Fontana\" data-e-action-hash=\"#elementor-action%3Aaction%3Dlightbox%26settings%3DeyJpZCI6MTYxMSwidXJsIjoiaHR0cHM6XC9cL2xhZm9udGFuYS5udVwvd3AtY29udGVudFwvdXBsb2Fkc1wvMjAyM1wvMDJcL0lNR183NjAwLXNjYWxlZC5qcGVnIiwic2xpZGVzaG93IjoiNTVhN2E2OSJ9\">\n\t\t\t\t\t<div class=\"e-gallery-image elementor-gallery-item__image\" data-thumbnail=\"https:\/\/lafontana.nu\/wp-content\/uploads\/2023\/02\/IMG_7600-scaled.jpeg\" data-width=\"1920\" data-height=\"2560\" aria-label=\"La Fontana\" role=\"img\" ><\/div>\n\t\t\t\t\t\t\t\t\t\t\t<div class=\"elementor-gallery-item__overlay\"><\/div>\n\t\t\t\t\t\t\t\t\t\t\t\t\t\t<\/a>\n\t\t\t\t\t\t\t<a class=\"e-gallery-item elementor-gallery-item elementor-animated-content\" href=\"https:\/\/lafontana.nu\/wp-content\/uploads\/2023\/02\/IMG_7596-scaled.jpeg\" data-elementor-open-lightbox=\"yes\" data-elementor-lightbox-slideshow=\"55a7a69\" data-elementor-lightbox-title=\"La Fontana\" data-e-action-hash=\"#elementor-action%3Aaction%3Dlightbox%26settings%3DeyJpZCI6MTYxNywidXJsIjoiaHR0cHM6XC9cL2xhZm9udGFuYS5udVwvd3AtY29udGVudFwvdXBsb2Fkc1wvMjAyM1wvMDJcL0lNR183NTk2LXNjYWxlZC5qcGVnIiwic2xpZGVzaG93IjoiNTVhN2E2OSJ9\">\n\t\t\t\t\t<div class=\"e-gallery-image elementor-gallery-item__image\" data-thumbnail=\"https:\/\/lafontana.nu\/wp-content\/uploads\/2023\/02\/IMG_7596-scaled.jpeg\" data-width=\"1920\" data-height=\"2560\" aria-label=\"La Fontana\" role=\"img\" ><\/div>\n\t\t\t\t\t\t\t\t\t\t\t<div class=\"elementor-gallery-item__overlay\"><\/div>\n\t\t\t\t\t\t\t\t\t\t\t\t\t\t<\/a>\n\t\t\t\t\t\t\t<a class=\"e-gallery-item elementor-gallery-item elementor-animated-content\" href=\"https:\/\/lafontana.nu\/wp-content\/uploads\/2023\/02\/IMG_7597-scaled.jpeg\" data-elementor-open-lightbox=\"yes\" data-elementor-lightbox-slideshow=\"55a7a69\" data-elementor-lightbox-title=\"La Fontana\" data-e-action-hash=\"#elementor-action%3Aaction%3Dlightbox%26settings%3DeyJpZCI6MTYyMSwidXJsIjoiaHR0cHM6XC9cL2xhZm9udGFuYS5udVwvd3AtY29udGVudFwvdXBsb2Fkc1wvMjAyM1wvMDJcL0lNR183NTk3LXNjYWxlZC5qcGVnIiwic2xpZGVzaG93IjoiNTVhN2E2OSJ9\">\n\t\t\t\t\t<div class=\"e-gallery-image elementor-gallery-item__image\" data-thumbnail=\"https:\/\/lafontana.nu\/wp-content\/uploads\/2023\/02\/IMG_7597-scaled.jpeg\" data-width=\"1920\" data-height=\"2560\" aria-label=\"\" role=\"img\" ><\/div>\n\t\t\t\t\t\t\t\t\t\t\t<div class=\"elementor-gallery-item__overlay\"><\/div>\n\t\t\t\t\t\t\t\t\t\t\t\t\t\t<\/a>\n\t\t\t\t\t\t\t<a class=\"e-gallery-item elementor-gallery-item elementor-animated-content\" href=\"https:\/\/lafontana.nu\/wp-content\/uploads\/2023\/02\/IMG_7598-scaled.jpeg\" data-elementor-open-lightbox=\"yes\" data-elementor-lightbox-slideshow=\"55a7a69\" data-elementor-lightbox-title=\"La Fontana\" data-e-action-hash=\"#elementor-action%3Aaction%3Dlightbox%26settings%3DeyJpZCI6MTYyMCwidXJsIjoiaHR0cHM6XC9cL2xhZm9udGFuYS5udVwvd3AtY29udGVudFwvdXBsb2Fkc1wvMjAyM1wvMDJcL0lNR183NTk4LXNjYWxlZC5qcGVnIiwic2xpZGVzaG93IjoiNTVhN2E2OSJ9\">\n\t\t\t\t\t<div class=\"e-gallery-image elementor-gallery-item__image\" data-thumbnail=\"https:\/\/lafontana.nu\/wp-content\/uploads\/2023\/02\/IMG_7598-scaled.jpeg\" data-width=\"1920\" data-height=\"2560\" aria-label=\"La Fontana\" role=\"img\" ><\/div>\n\t\t\t\t\t\t\t\t\t\t\t<div class=\"elementor-gallery-item__overlay\"><\/div>\n\t\t\t\t\t\t\t\t\t\t\t\t\t\t<\/a>\n\t\t\t\t\t\t\t<a class=\"e-gallery-item elementor-gallery-item elementor-animated-content\" href=\"https:\/\/lafontana.nu\/wp-content\/uploads\/2023\/02\/IMG_7599-scaled.jpeg\" data-elementor-open-lightbox=\"yes\" data-elementor-lightbox-slideshow=\"55a7a69\" data-elementor-lightbox-title=\"La Fontana\" data-e-action-hash=\"#elementor-action%3Aaction%3Dlightbox%26settings%3DeyJpZCI6MTYxOCwidXJsIjoiaHR0cHM6XC9cL2xhZm9udGFuYS5udVwvd3AtY29udGVudFwvdXBsb2Fkc1wvMjAyM1wvMDJcL0lNR183NTk5LXNjYWxlZC5qcGVnIiwic2xpZGVzaG93IjoiNTVhN2E2OSJ9\">\n\t\t\t\t\t<div class=\"e-gallery-image elementor-gallery-item__image\" data-thumbnail=\"https:\/\/lafontana.nu\/wp-content\/uploads\/2023\/02\/IMG_7599-scaled.jpeg\" data-width=\"1920\" data-height=\"2560\" aria-label=\"La Fontana\" role=\"img\" ><\/div>\n\t\t\t\t\t\t\t\t\t\t\t<div class=\"elementor-gallery-item__overlay\"><\/div>\n\t\t\t\t\t\t\t\t\t\t\t\t\t\t<\/a>\n\t\t\t\t\t\t\t<a class=\"e-gallery-item elementor-gallery-item elementor-animated-content\" href=\"https:\/\/lafontana.nu\/wp-content\/uploads\/2023\/02\/IMG_7601-scaled.jpeg\" data-elementor-open-lightbox=\"yes\" data-elementor-lightbox-slideshow=\"55a7a69\" data-elementor-lightbox-title=\"La Fontana\" data-e-action-hash=\"#elementor-action%3Aaction%3Dlightbox%26settings%3DeyJpZCI6MTYxMiwidXJsIjoiaHR0cHM6XC9cL2xhZm9udGFuYS5udVwvd3AtY29udGVudFwvdXBsb2Fkc1wvMjAyM1wvMDJcL0lNR183NjAxLXNjYWxlZC5qcGVnIiwic2xpZGVzaG93IjoiNTVhN2E2OSJ9\">\n\t\t\t\t\t<div class=\"e-gallery-image elementor-gallery-item__image\" data-thumbnail=\"https:\/\/lafontana.nu\/wp-content\/uploads\/2023\/02\/IMG_7601-scaled.jpeg\" data-width=\"1920\" data-height=\"2560\" aria-label=\"La Fontana\" role=\"img\" ><\/div>\n\t\t\t\t\t\t\t\t\t\t\t<div class=\"elementor-gallery-item__overlay\"><\/div>\n\t\t\t\t\t\t\t\t\t\t\t\t\t\t<\/a>\n\t\t\t\t\t<\/div>\n\t\t\t\t\t<\/div>\n\t\t\t\t<\/div>\n\t\t\t\t\t<\/div>\n\t\t<\/div>\n\t\t\t\t\t<\/div>\n\t\t<\/section>\n\t\t\t\t\t<\/div>\n\t\t<\/div>\n\t\t\t\t\t<\/div>\n\t\t<\/section>\n\t\t\t\t<\/div>","protected":false},"excerpt":{"rendered":"<p>V\u00e5r tolkning av det italienska k\u00f6ket Med dagsf\u00e4rska r\u00e5varor tillsammans med ett unikt koncept vill vi p\u00e5 La Fontana skapa en god smakupplevelse i en avslappnande atmosf\u00e4r med trevligt s\u00e4llskap.<\/p>","protected":false},"author":1,"featured_media":0,"parent":0,"menu_order":0,"comment_status":"closed","ping_status":"closed","template":"elementor_header_footer","meta":{"footnotes":""},"class_list":["post-1263","page","type-page","status-publish","hentry"],"yoast_head":"<!-- This site is optimized with the Yoast SEO plugin v27.1.1 - https:\/\/yoast.com\/product\/yoast-seo-wordpress\/ -->\n<title>La Fontana - Galleri (Visby)<\/title>\n<meta name=\"robots\" content=\"index, follow, max-snippet:-1, max-image-preview:large, max-video-preview:-1\" \/>\n<link rel=\"canonical\" href=\"https:\/\/lafontana.nu\/en\/galleri\/\" \/>\n<meta property=\"og:locale\" content=\"en_GB\" \/>\n<meta property=\"og:type\" content=\"article\" \/>\n<meta property=\"og:title\" content=\"La Fontana - Galleri (Visby)\" \/>\n<meta property=\"og:description\" content=\"V\u00e5r tolkning av det italienska k\u00f6ket Med dagsf\u00e4rska r\u00e5varor tillsammans med ett unikt koncept vill vi p\u00e5 La Fontana skapa en god smakupplevelse i en avslappnande atmosf\u00e4r med trevligt s\u00e4llskap.\" \/>\n<meta property=\"og:url\" content=\"https:\/\/lafontana.nu\/en\/galleri\/\" \/>\n<meta property=\"og:site_name\" content=\"lafontana.nu\" \/>\n<meta property=\"article:modified_time\" content=\"2025-09-08T14:35:11+00:00\" \/>\n<meta property=\"og:image\" content=\"https:\/\/lafontana.nu\/wp-content\/uploads\/2023\/01\/La-Fontana-xScale-1.png\" \/>\n\t<meta property=\"og:image:width\" content=\"700\" \/>\n\t<meta property=\"og:image:height\" content=\"206\" \/>\n\t<meta property=\"og:image:type\" content=\"image\/png\" \/>\n<meta name=\"twitter:card\" content=\"summary_large_image\" \/>\n<meta name=\"twitter:label1\" content=\"Estimated reading time\" \/>\n\t<meta name=\"twitter:data1\" content=\"1 minute\" \/>\n<script type=\"application\/ld+json\" class=\"yoast-schema-graph\">{\"@context\":\"https:\/\/schema.org\",\"@graph\":[{\"@type\":\"WebPage\",\"@id\":\"https:\/\/lafontana.nu\/galleri\/\",\"url\":\"https:\/\/lafontana.nu\/galleri\/\",\"name\":\"La Fontana - Galleri (Visby)\",\"isPartOf\":{\"@id\":\"https:\/\/lafontana.nu\/#website\"},\"primaryImageOfPage\":{\"@id\":\"https:\/\/lafontana.nu\/galleri\/#primaryimage\"},\"image\":{\"@id\":\"https:\/\/lafontana.nu\/galleri\/#primaryimage\"},\"thumbnailUrl\":\"https:\/\/lafontana.nu\/wp-content\/uploads\/2023\/01\/La-Fontana-xScale-1.png\",\"datePublished\":\"2023-01-30T11:26:21+00:00\",\"dateModified\":\"2025-09-08T14:35:11+00:00\",\"breadcrumb\":{\"@id\":\"https:\/\/lafontana.nu\/galleri\/#breadcrumb\"},\"inLanguage\":\"en-GB\",\"potentialAction\":[{\"@type\":\"ReadAction\",\"target\":[\"https:\/\/lafontana.nu\/galleri\/\"]}]},{\"@type\":\"ImageObject\",\"inLanguage\":\"en-GB\",\"@id\":\"https:\/\/lafontana.nu\/galleri\/#primaryimage\",\"url\":\"https:\/\/lafontana.nu\/wp-content\/uploads\/2023\/01\/La-Fontana-xScale-1.png\",\"contentUrl\":\"https:\/\/lafontana.nu\/wp-content\/uploads\/2023\/01\/La-Fontana-xScale-1.png\"},{\"@type\":\"BreadcrumbList\",\"@id\":\"https:\/\/lafontana.nu\/galleri\/#breadcrumb\",\"itemListElement\":[{\"@type\":\"ListItem\",\"position\":1,\"name\":\"Hem\",\"item\":\"https:\/\/lafontana.nu\/\"},{\"@type\":\"ListItem\",\"position\":2,\"name\":\"Visby Galleri\"}]},{\"@type\":\"WebSite\",\"@id\":\"https:\/\/lafontana.nu\/#website\",\"url\":\"https:\/\/lafontana.nu\/\",\"name\":\"La Fontana\",\"description\":\"Restaurang &amp; Logi\",\"publisher\":{\"@id\":\"https:\/\/lafontana.nu\/#organization\"},\"alternateName\":\"La Fontana\",\"potentialAction\":[{\"@type\":\"SearchAction\",\"target\":{\"@type\":\"EntryPoint\",\"urlTemplate\":\"https:\/\/lafontana.nu\/?s={search_term_string}\"},\"query-input\":{\"@type\":\"PropertyValueSpecification\",\"valueRequired\":true,\"valueName\":\"search_term_string\"}}],\"inLanguage\":\"en-GB\"},{\"@type\":\"Organization\",\"@id\":\"https:\/\/lafontana.nu\/#organization\",\"name\":\"La Fontana\",\"alternateName\":\"La Fontana\",\"url\":\"https:\/\/lafontana.nu\/\",\"logo\":{\"@type\":\"ImageObject\",\"inLanguage\":\"en-GB\",\"@id\":\"https:\/\/lafontana.nu\/#\/schema\/logo\/image\/\",\"url\":\"https:\/\/lafontana.nu\/wp-content\/uploads\/2023\/01\/cropped-LaFontanaCropped.png\",\"contentUrl\":\"https:\/\/lafontana.nu\/wp-content\/uploads\/2023\/01\/cropped-LaFontanaCropped.png\",\"width\":512,\"height\":512,\"caption\":\"La Fontana\"},\"image\":{\"@id\":\"https:\/\/lafontana.nu\/#\/schema\/logo\/image\/\"},\"sameAs\":[\"https:\/\/www.instagram.com\/lafontanasodertalje\/\"]}]}<\/script>\n<!-- \/ Yoast SEO plugin. -->","yoast_head_json":{"title":"La Fontana - Galleri (Visby)","robots":{"index":"index","follow":"follow","max-snippet":"max-snippet:-1","max-image-preview":"max-image-preview:large","max-video-preview":"max-video-preview:-1"},"canonical":"https:\/\/lafontana.nu\/en\/galleri\/","og_locale":"en_GB","og_type":"article","og_title":"La Fontana - Galleri (Visby)","og_description":"V\u00e5r tolkning av det italienska k\u00f6ket Med dagsf\u00e4rska r\u00e5varor tillsammans med ett unikt koncept vill vi p\u00e5 La Fontana skapa en god smakupplevelse i en avslappnande atmosf\u00e4r med trevligt s\u00e4llskap.","og_url":"https:\/\/lafontana.nu\/en\/galleri\/","og_site_name":"lafontana.nu","article_modified_time":"2025-09-08T14:35:11+00:00","og_image":[{"width":700,"height":206,"url":"https:\/\/lafontana.nu\/wp-content\/uploads\/2023\/01\/La-Fontana-xScale-1.png","type":"image\/png"}],"twitter_card":"summary_large_image","twitter_misc":{"Estimated reading time":"1 minute"},"schema":{"@context":"https:\/\/schema.org","@graph":[{"@type":"WebPage","@id":"https:\/\/lafontana.nu\/galleri\/","url":"https:\/\/lafontana.nu\/galleri\/","name":"La Fontana - Galleri (Visby)","isPartOf":{"@id":"https:\/\/lafontana.nu\/#website"},"primaryImageOfPage":{"@id":"https:\/\/lafontana.nu\/galleri\/#primaryimage"},"image":{"@id":"https:\/\/lafontana.nu\/galleri\/#primaryimage"},"thumbnailUrl":"https:\/\/lafontana.nu\/wp-content\/uploads\/2023\/01\/La-Fontana-xScale-1.png","datePublished":"2023-01-30T11:26:21+00:00","dateModified":"2025-09-08T14:35:11+00:00","breadcrumb":{"@id":"https:\/\/lafontana.nu\/galleri\/#breadcrumb"},"inLanguage":"en-GB","potentialAction":[{"@type":"ReadAction","target":["https:\/\/lafontana.nu\/galleri\/"]}]},{"@type":"ImageObject","inLanguage":"en-GB","@id":"https:\/\/lafontana.nu\/galleri\/#primaryimage","url":"https:\/\/lafontana.nu\/wp-content\/uploads\/2023\/01\/La-Fontana-xScale-1.png","contentUrl":"https:\/\/lafontana.nu\/wp-content\/uploads\/2023\/01\/La-Fontana-xScale-1.png"},{"@type":"BreadcrumbList","@id":"https:\/\/lafontana.nu\/galleri\/#breadcrumb","itemListElement":[{"@type":"ListItem","position":1,"name":"Hem","item":"https:\/\/lafontana.nu\/"},{"@type":"ListItem","position":2,"name":"Visby Galleri"}]},{"@type":"WebSite","@id":"https:\/\/lafontana.nu\/#website","url":"https:\/\/lafontana.nu\/","name":"La Fontana","description":"Restaurang &amp; Logi","publisher":{"@id":"https:\/\/lafontana.nu\/#organization"},"alternateName":"La Fontana","potentialAction":[{"@type":"SearchAction","target":{"@type":"EntryPoint","urlTemplate":"https:\/\/lafontana.nu\/?s={search_term_string}"},"query-input":{"@type":"PropertyValueSpecification","valueRequired":true,"valueName":"search_term_string"}}],"inLanguage":"en-GB"},{"@type":"Organization","@id":"https:\/\/lafontana.nu\/#organization","name":"La Fontana","alternateName":"La Fontana","url":"https:\/\/lafontana.nu\/","logo":{"@type":"ImageObject","inLanguage":"en-GB","@id":"https:\/\/lafontana.nu\/#\/schema\/logo\/image\/","url":"https:\/\/lafontana.nu\/wp-content\/uploads\/2023\/01\/cropped-LaFontanaCropped.png","contentUrl":"https:\/\/lafontana.nu\/wp-content\/uploads\/2023\/01\/cropped-LaFontanaCropped.png","width":512,"height":512,"caption":"La Fontana"},"image":{"@id":"https:\/\/lafontana.nu\/#\/schema\/logo\/image\/"},"sameAs":["https:\/\/www.instagram.com\/lafontanasodertalje\/"]}]}},"_links":{"self":[{"href":"https:\/\/lafontana.nu\/en\/wp-json\/wp\/v2\/pages\/1263","targetHints":{"allow":["GET"]}}],"collection":[{"href":"https:\/\/lafontana.nu\/en\/wp-json\/wp\/v2\/pages"}],"about":[{"href":"https:\/\/lafontana.nu\/en\/wp-json\/wp\/v2\/types\/page"}],"author":[{"embeddable":true,"href":"https:\/\/lafontana.nu\/en\/wp-json\/wp\/v2\/users\/1"}],"replies":[{"embeddable":true,"href":"https:\/\/lafontana.nu\/en\/wp-json\/wp\/v2\/comments?post=1263"}],"version-history":[{"count":7,"href":"https:\/\/lafontana.nu\/en\/wp-json\/wp\/v2\/pages\/1263\/revisions"}],"predecessor-version":[{"id":1714,"href":"https:\/\/lafontana.nu\/en\/wp-json\/wp\/v2\/pages\/1263\/revisions\/1714"}],"wp:attachment":[{"href":"https:\/\/lafontana.nu\/en\/wp-json\/wp\/v2\/media?parent=1263"}],"curies":[{"name":"wp","href":"https:\/\/api.w.org\/{rel}","templated":true}]}}