{"id":1267,"date":"2023-01-30T12:26:56","date_gmt":"2023-01-30T11:26:56","guid":{"rendered":"https:\/\/lafontana.nu\/?page_id=1267"},"modified":"2026-03-03T18:42:58","modified_gmt":"2026-03-03T17:42:58","slug":"ala-carte","status":"publish","type":"page","link":"https:\/\/lafontana.nu\/en\/ala-carte\/","title":{"rendered":"Visby \u00c1 la carte"},"content":{"rendered":"<div data-elementor-type=\"wp-page\" data-elementor-id=\"1267\" class=\"elementor elementor-1267\" data-elementor-post-type=\"page\">\n\t\t\t\t\t\t<main class=\"elementor-section elementor-top-section elementor-element elementor-element-d4d0546 elementor-section-height-min-height elementor-section-items-stretch elementor-section-full_width elementor-section-height-default\" data-id=\"d4d0546\" data-element_type=\"section\" data-e-type=\"section\" data-settings=\"{&quot;background_background&quot;:&quot;classic&quot;}\">\n\t\t\t\t\t\t\t<div class=\"elementor-background-overlay\"><\/div>\n\t\t\t\t\t\t\t<div class=\"elementor-container elementor-column-gap-default\">\n\t\t\t\t\t<div class=\"elementor-column elementor-col-100 elementor-top-column elementor-element elementor-element-c906edf\" data-id=\"c906edf\" data-element_type=\"column\" data-e-type=\"column\">\n\t\t\t<div class=\"elementor-widget-wrap elementor-element-populated\">\n\t\t\t\t\t\t<main class=\"elementor-section elementor-inner-section elementor-element elementor-element-b756775 elementor-section-height-min-height elementor-section-boxed elementor-section-height-default\" data-id=\"b756775\" data-element_type=\"section\" data-e-type=\"section\">\n\t\t\t\t\t\t<div class=\"elementor-container elementor-column-gap-default\">\n\t\t\t\t\t<main class=\"elementor-column elementor-col-100 elementor-inner-column elementor-element elementor-element-6922782 elementor-invisible\" data-id=\"6922782\" data-element_type=\"column\" data-e-type=\"column\" data-settings=\"{&quot;background_background&quot;:&quot;classic&quot;,&quot;animation&quot;:&quot;fadeIn&quot;}\">\n\t\t\t<div class=\"elementor-widget-wrap elementor-element-populated\">\n\t\t\t\t\t\t<div class=\"elementor-element elementor-element-cfa1642 elementor-widget elementor-widget-heading\" data-id=\"cfa1642\" data-element_type=\"widget\" data-e-type=\"widget\" data-widget_type=\"heading.default\">\n\t\t\t\t<div class=\"elementor-widget-container\">\n\t\t\t\t\t<h1 class=\"elementor-heading-title elementor-size-default\">Our \u00e0 la carte menu<\/h1>\t\t\t\t<\/div>\n\t\t\t\t<\/div>\n\t\t\t\t<div class=\"elementor-element elementor-element-43a225c elementor-widget elementor-widget-text-editor\" data-id=\"43a225c\" data-element_type=\"widget\" data-e-type=\"widget\" data-widget_type=\"text-editor.default\">\n\t\t\t\t<div class=\"elementor-widget-container\">\n\t\t\t\t\t\t\t\t\t<p>La Fontana is a playful and elegant place to enjoy yourself. Everything we do is imbued with our solid love for food, drink and people, which is accompanied by a unique, beautiful and welcoming environment.\u00a0<\/p>\t\t\t\t\t\t\t\t<\/div>\n\t\t\t\t<\/div>\n\t\t\t\t<div class=\"elementor-element elementor-element-5a29d3a elementor-widget__width-auto elementor-widget elementor-widget-button\" data-id=\"5a29d3a\" data-element_type=\"widget\" data-e-type=\"widget\" data-settings=\"{&quot;_animation_tablet&quot;:&quot;none&quot;}\" data-widget_type=\"button.default\">\n\t\t\t\t<div class=\"elementor-widget-container\">\n\t\t\t\t\t\t\t\t\t<div class=\"elementor-button-wrapper\">\n\t\t\t\t\t<a class=\"elementor-button elementor-button-link elementor-size-sm\" href=\"https:\/\/lafontana.nu\/wp-content\/uploads\/2026\/03\/La-Fontana-Meny-2026.pdf\" target=\"_blank\">\n\t\t\t\t\t\t<span class=\"elementor-button-content-wrapper\">\n\t\t\t\t\t\t\t\t\t<span class=\"elementor-button-text\">See menu<\/span>\n\t\t\t\t\t<\/span>\n\t\t\t\t\t<\/a>\n\t\t\t\t<\/div>\n\t\t\t\t\t\t\t\t<\/div>\n\t\t\t\t<\/div>\n\t\t\t\t<div class=\"elementor-element elementor-element-a53e937 elementor-widget__width-auto elementor-widget elementor-widget-button\" data-id=\"a53e937\" data-element_type=\"widget\" data-e-type=\"widget\" data-settings=\"{&quot;_animation_tablet&quot;:&quot;none&quot;}\" data-widget_type=\"button.default\">\n\t\t\t\t<div class=\"elementor-widget-container\">\n\t\t\t\t\t\t\t\t\t<div class=\"elementor-button-wrapper\">\n\t\t\t\t\t<a class=\"elementor-button elementor-button-link elementor-size-sm\" href=\"https:\/\/widget.thefork.com\/169c0568-9e4e-4d37-95ab-0790a0017f0e\" target=\"_blank\">\n\t\t\t\t\t\t<span class=\"elementor-button-content-wrapper\">\n\t\t\t\t\t\t\t\t\t<span class=\"elementor-button-text\">Reserve<\/span>\n\t\t\t\t\t<\/span>\n\t\t\t\t\t<\/a>\n\t\t\t\t<\/div>\n\t\t\t\t\t\t\t\t<\/div>\n\t\t\t\t<\/div>\n\t\t\t\t<div class=\"elementor-element elementor-element-42f4cd7 elementor-view-stacked down-btn elementor-shape-circle elementor-widget elementor-widget-icon\" data-id=\"42f4cd7\" data-element_type=\"widget\" data-e-type=\"widget\" data-widget_type=\"icon.default\">\n\t\t\t\t<div class=\"elementor-widget-container\">\n\t\t\t\t\t\t\t<div class=\"elementor-icon-wrapper\">\n\t\t\t<a class=\"elementor-icon\" href=\"#alacarte\">\n\t\t\t<i aria-hidden=\"true\" class=\"fas fa-long-arrow-alt-down\"><\/i>\t\t\t<\/a>\n\t\t<\/div>\n\t\t\t\t\t\t<\/div>\n\t\t\t\t<\/div>\n\t\t\t\t\t<\/div>\n\t\t<\/main>\n\t\t\t\t\t<\/div>\n\t\t<\/main>\n\t\t\t\t\t<\/div>\n\t\t<\/div>\n\t\t\t\t\t<\/div>\n\t\t<\/main>\n\t\t\t\t<section class=\"elementor-section elementor-top-section elementor-element elementor-element-97bb3c6 elementor-section-height-min-height elementor-section-items-stretch elementor-section-content-middle elementor-reverse-mobile elementor-section-boxed elementor-section-height-default\" data-id=\"97bb3c6\" data-element_type=\"section\" data-e-type=\"section\" data-settings=\"{&quot;background_background&quot;:&quot;classic&quot;}\">\n\t\t\t\t\t\t<div class=\"elementor-container elementor-column-gap-wider\">\n\t\t\t\t\t<section class=\"elementor-column elementor-col-50 elementor-top-column elementor-element elementor-element-03478bf elementor-invisible\" data-id=\"03478bf\" data-element_type=\"column\" data-e-type=\"column\" data-settings=\"{&quot;animation&quot;:&quot;fadeIn&quot;}\">\n\t\t\t<div class=\"elementor-widget-wrap elementor-element-populated\">\n\t\t\t\t\t\t<div class=\"elementor-element elementor-element-ff0b00d elementor-absolute elementor-widget elementor-widget-menu-anchor\" data-id=\"ff0b00d\" data-element_type=\"widget\" data-e-type=\"widget\" data-settings=\"{&quot;_position&quot;:&quot;absolute&quot;}\" data-widget_type=\"menu-anchor.default\">\n\t\t\t\t<div class=\"elementor-widget-container\">\n\t\t\t\t\t\t\t<div class=\"elementor-menu-anchor\" id=\"alacarte\"><\/div>\n\t\t\t\t\t\t<\/div>\n\t\t\t\t<\/div>\n\t\t\t\t<div class=\"elementor-element elementor-element-d66b7c5 elementor-widget elementor-widget-image\" data-id=\"d66b7c5\" data-element_type=\"widget\" data-e-type=\"widget\" data-widget_type=\"image.default\">\n\t\t\t\t<div class=\"elementor-widget-container\">\n\t\t\t\t\t\t\t\t\t\t\t\t\t\t\t<img fetchpriority=\"high\" decoding=\"async\" width=\"800\" height=\"600\" src=\"https:\/\/lafontana.nu\/wp-content\/uploads\/2023\/02\/IMG_7485-1024x768.jpeg\" class=\"attachment-large size-large wp-image-1604\" alt=\"\" srcset=\"https:\/\/lafontana.nu\/wp-content\/uploads\/2023\/02\/IMG_7485-1024x768.jpeg 1024w, https:\/\/lafontana.nu\/wp-content\/uploads\/2023\/02\/IMG_7485-300x225.jpeg 300w, https:\/\/lafontana.nu\/wp-content\/uploads\/2023\/02\/IMG_7485-768x576.jpeg 768w, https:\/\/lafontana.nu\/wp-content\/uploads\/2023\/02\/IMG_7485-1536x1152.jpeg 1536w, https:\/\/lafontana.nu\/wp-content\/uploads\/2023\/02\/IMG_7485-2048x1536.jpeg 2048w, https:\/\/lafontana.nu\/wp-content\/uploads\/2023\/02\/IMG_7485-16x12.jpeg 16w\" sizes=\"(max-width: 800px) 100vw, 800px\" \/>\t\t\t\t\t\t\t\t\t\t\t\t\t\t\t<\/div>\n\t\t\t\t<\/div>\n\t\t\t\t\t<\/div>\n\t\t<\/section>\n\t\t\t\t<section class=\"elementor-column elementor-col-50 elementor-top-column elementor-element elementor-element-05bf325 elementor-invisible\" data-id=\"05bf325\" data-element_type=\"column\" data-e-type=\"column\" data-settings=\"{&quot;animation&quot;:&quot;fadeIn&quot;}\">\n\t\t\t<div class=\"elementor-widget-wrap elementor-element-populated\">\n\t\t\t\t\t\t<div class=\"elementor-element elementor-element-4ce46b3 elementor-widget elementor-widget-heading\" data-id=\"4ce46b3\" data-element_type=\"widget\" data-e-type=\"widget\" data-widget_type=\"heading.default\">\n\t\t\t\t<div class=\"elementor-widget-container\">\n\t\t\t\t\t<h2 class=\"elementor-heading-title elementor-size-default\">With a touch of Italy<\/h2>\t\t\t\t<\/div>\n\t\t\t\t<\/div>\n\t\t\t\t<div class=\"elementor-element elementor-element-7e84106 elementor-widget elementor-widget-text-editor\" data-id=\"7e84106\" data-element_type=\"widget\" data-e-type=\"widget\" data-widget_type=\"text-editor.default\">\n\t\t\t\t<div class=\"elementor-widget-container\">\n\t\t\t\t\t\t\t\t\t<p>Modern Scandinavian drink menu influenced by Italian flavors. Complex creations that are easy to like.<\/p>\t\t\t\t\t\t\t\t<\/div>\n\t\t\t\t<\/div>\n\t\t\t\t<div class=\"elementor-element elementor-element-75769e8 elementor-widget elementor-widget-text-editor\" data-id=\"75769e8\" data-element_type=\"widget\" data-e-type=\"widget\" data-widget_type=\"text-editor.default\">\n\t\t\t\t<div class=\"elementor-widget-container\">\n\t\t\t\t\t\t\t\t\t<p>We believe that dinner does not only consist of a well-prepared dish, but it is at least as important to serve a good drink. Thus, we always have something to recommend for every dish on the menu.<br \/><br \/><\/p>\t\t\t\t\t\t\t\t<\/div>\n\t\t\t\t<\/div>\n\t\t\t\t<div class=\"elementor-element elementor-element-73f748f elementor-widget__width-auto elementor-widget elementor-widget-button\" data-id=\"73f748f\" data-element_type=\"widget\" data-e-type=\"widget\" data-settings=\"{&quot;_animation_tablet&quot;:&quot;none&quot;}\" data-widget_type=\"button.default\">\n\t\t\t\t<div class=\"elementor-widget-container\">\n\t\t\t\t\t\t\t\t\t<div class=\"elementor-button-wrapper\">\n\t\t\t\t\t<a class=\"elementor-button elementor-button-link elementor-size-sm\" href=\"https:\/\/lafontana.nu\/en\/galleri\/\" rel=\"nofollow\">\n\t\t\t\t\t\t<span class=\"elementor-button-content-wrapper\">\n\t\t\t\t\t\t\t\t\t<span class=\"elementor-button-text\">See gallery<\/span>\n\t\t\t\t\t<\/span>\n\t\t\t\t\t<\/a>\n\t\t\t\t<\/div>\n\t\t\t\t\t\t\t\t<\/div>\n\t\t\t\t<\/div>\n\t\t\t\t\t<\/div>\n\t\t<\/section>\n\t\t\t\t\t<\/div>\n\t\t<\/section>\n\t\t\t\t<section class=\"elementor-section elementor-top-section elementor-element elementor-element-2f431b0 elementor-section-height-min-height elementor-section-items-stretch elementor-section-content-middle elementor-hidden-desktop elementor-hidden-tablet elementor-hidden-mobile elementor-section-boxed elementor-section-height-default\" data-id=\"2f431b0\" data-element_type=\"section\" data-e-type=\"section\" data-settings=\"{&quot;background_background&quot;:&quot;classic&quot;}\">\n\t\t\t\t\t\t<div class=\"elementor-container elementor-column-gap-wider\">\n\t\t\t\t\t<section class=\"elementor-column elementor-col-50 elementor-top-column elementor-element elementor-element-7e41551 elementor-invisible\" data-id=\"7e41551\" data-element_type=\"column\" data-e-type=\"column\" data-settings=\"{&quot;animation&quot;:&quot;fadeIn&quot;}\">\n\t\t\t<div class=\"elementor-widget-wrap elementor-element-populated\">\n\t\t\t\t\t\t<div class=\"elementor-element elementor-element-3d949ed elementor-widget elementor-widget-heading\" data-id=\"3d949ed\" data-element_type=\"widget\" data-e-type=\"widget\" data-widget_type=\"heading.default\">\n\t\t\t\t<div class=\"elementor-widget-container\">\n\t\t\t\t\t<h3 class=\"elementor-heading-title elementor-size-default\">Desserts in class<\/h3>\t\t\t\t<\/div>\n\t\t\t\t<\/div>\n\t\t\t\t<div class=\"elementor-element elementor-element-4658f40 elementor-widget elementor-widget-text-editor\" data-id=\"4658f40\" data-element_type=\"widget\" data-e-type=\"widget\" data-widget_type=\"text-editor.default\">\n\t\t\t\t<div class=\"elementor-widget-container\">\n\t\t\t\t\t\t\t\t\t<p>Modern Scandinavian cuisine influenced by Japanese cooking methods and flavors. Complex creations that are easy to like.<\/p>\t\t\t\t\t\t\t\t<\/div>\n\t\t\t\t<\/div>\n\t\t\t\t<div class=\"elementor-element elementor-element-201be6b elementor-widget elementor-widget-text-editor\" data-id=\"201be6b\" data-element_type=\"widget\" data-e-type=\"widget\" data-widget_type=\"text-editor.default\">\n\t\t\t\t<div class=\"elementor-widget-container\">\n\t\t\t\t\t\t\t\t\t<p>La Fontana is a playful and elegant place to enjoy yourself. Everything we do is imbued with our solid love for food, drink and people, which is accompanied by a unique, beautiful and welcoming environment. With us, you enjoy flavors from pure ingredients that have been selected with<\/p>\t\t\t\t\t\t\t\t<\/div>\n\t\t\t\t<\/div>\n\t\t\t\t<div class=\"elementor-element elementor-element-bc4957b elementor-widget__width-auto elementor-widget elementor-widget-button\" data-id=\"bc4957b\" data-element_type=\"widget\" data-e-type=\"widget\" data-settings=\"{&quot;_animation_tablet&quot;:&quot;none&quot;}\" data-widget_type=\"button.default\">\n\t\t\t\t<div class=\"elementor-widget-container\">\n\t\t\t\t\t\t\t\t\t<div class=\"elementor-button-wrapper\">\n\t\t\t\t\t<a class=\"elementor-button elementor-button-link elementor-size-sm\" href=\"https:\/\/lafontana.nu\/en\/visby-galleri\/\" rel=\"nofollow\">\n\t\t\t\t\t\t<span class=\"elementor-button-content-wrapper\">\n\t\t\t\t\t\t\t\t\t<span class=\"elementor-button-text\">See gallery<\/span>\n\t\t\t\t\t<\/span>\n\t\t\t\t\t<\/a>\n\t\t\t\t<\/div>\n\t\t\t\t\t\t\t\t<\/div>\n\t\t\t\t<\/div>\n\t\t\t\t\t<\/div>\n\t\t<\/section>\n\t\t\t\t<section class=\"elementor-column elementor-col-50 elementor-top-column elementor-element elementor-element-06bad33 elementor-invisible\" data-id=\"06bad33\" data-element_type=\"column\" data-e-type=\"column\" data-settings=\"{&quot;animation&quot;:&quot;fadeIn&quot;}\">\n\t\t\t<div class=\"elementor-widget-wrap elementor-element-populated\">\n\t\t\t\t\t\t<div class=\"elementor-element elementor-element-4d2ae7e elementor-widget elementor-widget-image\" data-id=\"4d2ae7e\" data-element_type=\"widget\" data-e-type=\"widget\" data-widget_type=\"image.default\">\n\t\t\t\t<div class=\"elementor-widget-container\">\n\t\t\t\t\t\t\t\t\t\t\t\t\t\t\t<img decoding=\"async\" width=\"800\" height=\"533\" src=\"https:\/\/lafontana.nu\/wp-content\/uploads\/2023\/01\/FUJI4963___media_library_original_856_570-1.jpeg\" class=\"attachment-large size-large wp-image-785\" alt=\"\" srcset=\"https:\/\/lafontana.nu\/wp-content\/uploads\/2023\/01\/FUJI4963___media_library_original_856_570-1.jpeg 855w, https:\/\/lafontana.nu\/wp-content\/uploads\/2023\/01\/FUJI4963___media_library_original_856_570-1-300x200.jpeg 300w, https:\/\/lafontana.nu\/wp-content\/uploads\/2023\/01\/FUJI4963___media_library_original_856_570-1-768x512.jpeg 768w, https:\/\/lafontana.nu\/wp-content\/uploads\/2023\/01\/FUJI4963___media_library_original_856_570-1-18x12.jpeg 18w\" sizes=\"(max-width: 800px) 100vw, 800px\" \/>\t\t\t\t\t\t\t\t\t\t\t\t\t\t\t<\/div>\n\t\t\t\t<\/div>\n\t\t\t\t\t<\/div>\n\t\t<\/section>\n\t\t\t\t\t<\/div>\n\t\t<\/section>\n\t\t\t\t<\/div>","protected":false},"excerpt":{"rendered":"<p>V\u00e5r \u00e1 la carte meny La Fontana \u00e4r en lekfull och elegant plats att trivas p\u00e5. Allt vi g\u00f6r genomsyras av v\u00e5r gedigna k\u00e4rlek till mat, dryck och m\u00e4nniskor, som f\u00e5r s\u00e4llskap av en unik, vacker och v\u00e4lkomnande milj\u00f6.\u00a0 Se meny Boka bord Med en touch av Italien Modern skandinavisk drinkmeny influerad av italienska smaker. [&hellip;]<\/p>\n","protected":false},"author":1,"featured_media":0,"parent":0,"menu_order":0,"comment_status":"closed","ping_status":"closed","template":"elementor_header_footer","meta":{"footnotes":""},"class_list":["post-1267","page","type-page","status-publish","hentry"],"yoast_head":"<!-- This site is optimized with the Yoast SEO plugin v27.1.1 - https:\/\/yoast.com\/product\/yoast-seo-wordpress\/ -->\n<title>La Fontana - \u00c1 la carte (Visby)<\/title>\n<meta name=\"robots\" content=\"index, follow, max-snippet:-1, max-image-preview:large, max-video-preview:-1\" \/>\n<link rel=\"canonical\" href=\"https:\/\/lafontana.nu\/en\/ala-carte\/\" \/>\n<meta property=\"og:locale\" content=\"en_GB\" \/>\n<meta property=\"og:type\" content=\"article\" \/>\n<meta property=\"og:title\" content=\"La Fontana - \u00c1 la carte (Visby)\" \/>\n<meta property=\"og:description\" content=\"V\u00e5r \u00e1 la carte meny La Fontana \u00e4r en lekfull och elegant plats att trivas p\u00e5. Allt vi g\u00f6r genomsyras av v\u00e5r gedigna k\u00e4rlek till mat, dryck och m\u00e4nniskor, som f\u00e5r s\u00e4llskap av en unik, vacker och v\u00e4lkomnande milj\u00f6.\u00a0 Se meny Boka bord Med en touch av Italien Modern skandinavisk drinkmeny influerad av italienska smaker. [&hellip;]\" \/>\n<meta property=\"og:url\" content=\"https:\/\/lafontana.nu\/en\/ala-carte\/\" \/>\n<meta property=\"og:site_name\" content=\"lafontana.nu\" \/>\n<meta property=\"article:modified_time\" content=\"2026-03-03T17:42:58+00:00\" \/>\n<meta property=\"og:image\" content=\"https:\/\/lafontana.nu\/wp-content\/uploads\/2023\/02\/IMG_7485-scaled.jpeg\" \/>\n\t<meta property=\"og:image:width\" content=\"2560\" \/>\n\t<meta property=\"og:image:height\" content=\"1920\" \/>\n\t<meta property=\"og:image:type\" content=\"image\/jpeg\" \/>\n<meta name=\"twitter:card\" content=\"summary_large_image\" \/>\n<meta name=\"twitter:label1\" content=\"Estimated reading time\" \/>\n\t<meta name=\"twitter:data1\" content=\"2 minutes\" \/>\n<script type=\"application\/ld+json\" class=\"yoast-schema-graph\">{\"@context\":\"https:\/\/schema.org\",\"@graph\":[{\"@type\":\"WebPage\",\"@id\":\"https:\/\/lafontana.nu\/ala-carte\/\",\"url\":\"https:\/\/lafontana.nu\/ala-carte\/\",\"name\":\"La Fontana - \u00c1 la carte (Visby)\",\"isPartOf\":{\"@id\":\"https:\/\/lafontana.nu\/#website\"},\"primaryImageOfPage\":{\"@id\":\"https:\/\/lafontana.nu\/ala-carte\/#primaryimage\"},\"image\":{\"@id\":\"https:\/\/lafontana.nu\/ala-carte\/#primaryimage\"},\"thumbnailUrl\":\"https:\/\/lafontana.nu\/wp-content\/uploads\/2023\/02\/IMG_7485-1024x768.jpeg\",\"datePublished\":\"2023-01-30T11:26:56+00:00\",\"dateModified\":\"2026-03-03T17:42:58+00:00\",\"breadcrumb\":{\"@id\":\"https:\/\/lafontana.nu\/ala-carte\/#breadcrumb\"},\"inLanguage\":\"en-GB\",\"potentialAction\":[{\"@type\":\"ReadAction\",\"target\":[\"https:\/\/lafontana.nu\/ala-carte\/\"]}]},{\"@type\":\"ImageObject\",\"inLanguage\":\"en-GB\",\"@id\":\"https:\/\/lafontana.nu\/ala-carte\/#primaryimage\",\"url\":\"https:\/\/lafontana.nu\/wp-content\/uploads\/2023\/02\/IMG_7485-1024x768.jpeg\",\"contentUrl\":\"https:\/\/lafontana.nu\/wp-content\/uploads\/2023\/02\/IMG_7485-1024x768.jpeg\"},{\"@type\":\"BreadcrumbList\",\"@id\":\"https:\/\/lafontana.nu\/ala-carte\/#breadcrumb\",\"itemListElement\":[{\"@type\":\"ListItem\",\"position\":1,\"name\":\"Hem\",\"item\":\"https:\/\/lafontana.nu\/\"},{\"@type\":\"ListItem\",\"position\":2,\"name\":\"Visby \u00c1 la carte\"}]},{\"@type\":\"WebSite\",\"@id\":\"https:\/\/lafontana.nu\/#website\",\"url\":\"https:\/\/lafontana.nu\/\",\"name\":\"La Fontana\",\"description\":\"Restaurang &amp; Logi\",\"publisher\":{\"@id\":\"https:\/\/lafontana.nu\/#organization\"},\"alternateName\":\"La Fontana\",\"potentialAction\":[{\"@type\":\"SearchAction\",\"target\":{\"@type\":\"EntryPoint\",\"urlTemplate\":\"https:\/\/lafontana.nu\/?s={search_term_string}\"},\"query-input\":{\"@type\":\"PropertyValueSpecification\",\"valueRequired\":true,\"valueName\":\"search_term_string\"}}],\"inLanguage\":\"en-GB\"},{\"@type\":\"Organization\",\"@id\":\"https:\/\/lafontana.nu\/#organization\",\"name\":\"La Fontana\",\"alternateName\":\"La Fontana\",\"url\":\"https:\/\/lafontana.nu\/\",\"logo\":{\"@type\":\"ImageObject\",\"inLanguage\":\"en-GB\",\"@id\":\"https:\/\/lafontana.nu\/#\/schema\/logo\/image\/\",\"url\":\"https:\/\/lafontana.nu\/wp-content\/uploads\/2023\/01\/cropped-LaFontanaCropped.png\",\"contentUrl\":\"https:\/\/lafontana.nu\/wp-content\/uploads\/2023\/01\/cropped-LaFontanaCropped.png\",\"width\":512,\"height\":512,\"caption\":\"La Fontana\"},\"image\":{\"@id\":\"https:\/\/lafontana.nu\/#\/schema\/logo\/image\/\"},\"sameAs\":[\"https:\/\/www.instagram.com\/lafontanasodertalje\/\"]}]}<\/script>\n<!-- \/ Yoast SEO plugin. -->","yoast_head_json":{"title":"La Fontana - \u00c1 la carte (Visby)","robots":{"index":"index","follow":"follow","max-snippet":"max-snippet:-1","max-image-preview":"max-image-preview:large","max-video-preview":"max-video-preview:-1"},"canonical":"https:\/\/lafontana.nu\/en\/ala-carte\/","og_locale":"en_GB","og_type":"article","og_title":"La Fontana - \u00c1 la carte (Visby)","og_description":"V\u00e5r \u00e1 la carte meny La Fontana \u00e4r en lekfull och elegant plats att trivas p\u00e5. Allt vi g\u00f6r genomsyras av v\u00e5r gedigna k\u00e4rlek till mat, dryck och m\u00e4nniskor, som f\u00e5r s\u00e4llskap av en unik, vacker och v\u00e4lkomnande milj\u00f6.\u00a0 Se meny Boka bord Med en touch av Italien Modern skandinavisk drinkmeny influerad av italienska smaker. [&hellip;]","og_url":"https:\/\/lafontana.nu\/en\/ala-carte\/","og_site_name":"lafontana.nu","article_modified_time":"2026-03-03T17:42:58+00:00","og_image":[{"width":2560,"height":1920,"url":"https:\/\/lafontana.nu\/wp-content\/uploads\/2023\/02\/IMG_7485-scaled.jpeg","type":"image\/jpeg"}],"twitter_card":"summary_large_image","twitter_misc":{"Estimated reading time":"2 minutes"},"schema":{"@context":"https:\/\/schema.org","@graph":[{"@type":"WebPage","@id":"https:\/\/lafontana.nu\/ala-carte\/","url":"https:\/\/lafontana.nu\/ala-carte\/","name":"La Fontana - \u00c1 la carte (Visby)","isPartOf":{"@id":"https:\/\/lafontana.nu\/#website"},"primaryImageOfPage":{"@id":"https:\/\/lafontana.nu\/ala-carte\/#primaryimage"},"image":{"@id":"https:\/\/lafontana.nu\/ala-carte\/#primaryimage"},"thumbnailUrl":"https:\/\/lafontana.nu\/wp-content\/uploads\/2023\/02\/IMG_7485-1024x768.jpeg","datePublished":"2023-01-30T11:26:56+00:00","dateModified":"2026-03-03T17:42:58+00:00","breadcrumb":{"@id":"https:\/\/lafontana.nu\/ala-carte\/#breadcrumb"},"inLanguage":"en-GB","potentialAction":[{"@type":"ReadAction","target":["https:\/\/lafontana.nu\/ala-carte\/"]}]},{"@type":"ImageObject","inLanguage":"en-GB","@id":"https:\/\/lafontana.nu\/ala-carte\/#primaryimage","url":"https:\/\/lafontana.nu\/wp-content\/uploads\/2023\/02\/IMG_7485-1024x768.jpeg","contentUrl":"https:\/\/lafontana.nu\/wp-content\/uploads\/2023\/02\/IMG_7485-1024x768.jpeg"},{"@type":"BreadcrumbList","@id":"https:\/\/lafontana.nu\/ala-carte\/#breadcrumb","itemListElement":[{"@type":"ListItem","position":1,"name":"Hem","item":"https:\/\/lafontana.nu\/"},{"@type":"ListItem","position":2,"name":"Visby \u00c1 la carte"}]},{"@type":"WebSite","@id":"https:\/\/lafontana.nu\/#website","url":"https:\/\/lafontana.nu\/","name":"La Fontana","description":"Restaurang &amp; Logi","publisher":{"@id":"https:\/\/lafontana.nu\/#organization"},"alternateName":"La Fontana","potentialAction":[{"@type":"SearchAction","target":{"@type":"EntryPoint","urlTemplate":"https:\/\/lafontana.nu\/?s={search_term_string}"},"query-input":{"@type":"PropertyValueSpecification","valueRequired":true,"valueName":"search_term_string"}}],"inLanguage":"en-GB"},{"@type":"Organization","@id":"https:\/\/lafontana.nu\/#organization","name":"La Fontana","alternateName":"La Fontana","url":"https:\/\/lafontana.nu\/","logo":{"@type":"ImageObject","inLanguage":"en-GB","@id":"https:\/\/lafontana.nu\/#\/schema\/logo\/image\/","url":"https:\/\/lafontana.nu\/wp-content\/uploads\/2023\/01\/cropped-LaFontanaCropped.png","contentUrl":"https:\/\/lafontana.nu\/wp-content\/uploads\/2023\/01\/cropped-LaFontanaCropped.png","width":512,"height":512,"caption":"La Fontana"},"image":{"@id":"https:\/\/lafontana.nu\/#\/schema\/logo\/image\/"},"sameAs":["https:\/\/www.instagram.com\/lafontanasodertalje\/"]}]}},"_links":{"self":[{"href":"https:\/\/lafontana.nu\/en\/wp-json\/wp\/v2\/pages\/1267","targetHints":{"allow":["GET"]}}],"collection":[{"href":"https:\/\/lafontana.nu\/en\/wp-json\/wp\/v2\/pages"}],"about":[{"href":"https:\/\/lafontana.nu\/en\/wp-json\/wp\/v2\/types\/page"}],"author":[{"embeddable":true,"href":"https:\/\/lafontana.nu\/en\/wp-json\/wp\/v2\/users\/1"}],"replies":[{"embeddable":true,"href":"https:\/\/lafontana.nu\/en\/wp-json\/wp\/v2\/comments?post=1267"}],"version-history":[{"count":42,"href":"https:\/\/lafontana.nu\/en\/wp-json\/wp\/v2\/pages\/1267\/revisions"}],"predecessor-version":[{"id":1884,"href":"https:\/\/lafontana.nu\/en\/wp-json\/wp\/v2\/pages\/1267\/revisions\/1884"}],"wp:attachment":[{"href":"https:\/\/lafontana.nu\/en\/wp-json\/wp\/v2\/media?parent=1267"}],"curies":[{"name":"wp","href":"https:\/\/api.w.org\/{rel}","templated":true}]}}