{"id":1269,"date":"2023-01-30T12:27:17","date_gmt":"2023-01-30T11:27:17","guid":{"rendered":"https:\/\/lafontana.nu\/?page_id=1269"},"modified":"2026-03-03T18:51:50","modified_gmt":"2026-03-03T17:51:50","slug":"kontakta-oss","status":"publish","type":"page","link":"https:\/\/lafontana.nu\/en\/kontakta-oss\/","title":{"rendered":"Visby Kontakta oss"},"content":{"rendered":"\t\t<div data-elementor-type=\"wp-page\" data-elementor-id=\"1269\" class=\"elementor elementor-1269\" data-elementor-post-type=\"page\">\n\t\t\t\t\t\t<section class=\"elementor-section elementor-top-section elementor-element elementor-element-db13778 elementor-section-height-min-height elementor-section-items-stretch elementor-section-boxed elementor-section-height-default\" data-id=\"db13778\" data-element_type=\"section\" data-e-type=\"section\" data-settings=\"{&quot;background_background&quot;:&quot;classic&quot;}\">\n\t\t\t\t\t\t\t<div class=\"elementor-background-overlay\"><\/div>\n\t\t\t\t\t\t\t<div class=\"elementor-container elementor-column-gap-default\">\n\t\t\t\t\t<div class=\"elementor-column elementor-col-100 elementor-top-column elementor-element elementor-element-c56e7a7\" data-id=\"c56e7a7\" data-element_type=\"column\" data-e-type=\"column\">\n\t\t\t<div class=\"elementor-widget-wrap elementor-element-populated\">\n\t\t\t\t\t\t<div class=\"elementor-element elementor-element-0c46a02 elementor-invisible elementor-widget elementor-widget-heading\" data-id=\"0c46a02\" data-element_type=\"widget\" data-e-type=\"widget\" data-settings=\"{&quot;_animation&quot;:&quot;fadeIn&quot;}\" data-widget_type=\"heading.default\">\n\t\t\t\t<div class=\"elementor-widget-container\">\n\t\t\t\t\t<h1 class=\"elementor-heading-title elementor-size-default\">Kontakta oss<\/h1>\t\t\t\t<\/div>\n\t\t\t\t<\/div>\n\t\t\t\t<div class=\"elementor-element elementor-element-27a373d elementor-widget elementor-widget-spacer\" data-id=\"27a373d\" data-element_type=\"widget\" data-e-type=\"widget\" data-widget_type=\"spacer.default\">\n\t\t\t\t<div class=\"elementor-widget-container\">\n\t\t\t\t\t\t\t<div class=\"elementor-spacer\">\n\t\t\t<div class=\"elementor-spacer-inner\"><\/div>\n\t\t<\/div>\n\t\t\t\t\t\t<\/div>\n\t\t\t\t<\/div>\n\t\t\t\t<div class=\"elementor-element elementor-element-bbb0872 elementor-view-stacked elementor-widget__width-auto down-btn elementor-shape-circle elementor-widget elementor-widget-icon\" data-id=\"bbb0872\" data-element_type=\"widget\" data-e-type=\"widget\" data-widget_type=\"icon.default\">\n\t\t\t\t<div class=\"elementor-widget-container\">\n\t\t\t\t\t\t\t<div class=\"elementor-icon-wrapper\">\n\t\t\t<a class=\"elementor-icon\" href=\"#kontaktSod\">\n\t\t\t<i aria-hidden=\"true\" class=\"fas fa-long-arrow-alt-down\"><\/i>\t\t\t<\/a>\n\t\t<\/div>\n\t\t\t\t\t\t<\/div>\n\t\t\t\t<\/div>\n\t\t\t\t\t<\/div>\n\t\t<\/div>\n\t\t\t\t\t<\/div>\n\t\t<\/section>\n\t\t\t\t<section class=\"elementor-section elementor-top-section elementor-element elementor-element-f75977a elementor-section-height-min-height elementor-section-items-stretch elementor-section-content-middle elementor-section-boxed elementor-section-height-default\" data-id=\"f75977a\" data-element_type=\"section\" data-e-type=\"section\" data-settings=\"{&quot;background_background&quot;:&quot;classic&quot;}\">\n\t\t\t\t\t\t\t<div class=\"elementor-background-overlay\"><\/div>\n\t\t\t\t\t\t\t<div class=\"elementor-container elementor-column-gap-wider\">\n\t\t\t\t\t<div class=\"elementor-column elementor-col-50 elementor-top-column elementor-element elementor-element-ca7ccfa\" data-id=\"ca7ccfa\" data-element_type=\"column\" data-e-type=\"column\">\n\t\t\t<div class=\"elementor-widget-wrap elementor-element-populated\">\n\t\t\t\t\t\t<div class=\"elementor-element elementor-element-561d16d elementor-widget__width-auto elementor-absolute elementor-widget elementor-widget-menu-anchor\" data-id=\"561d16d\" data-element_type=\"widget\" data-e-type=\"widget\" data-settings=\"{&quot;_position&quot;:&quot;absolute&quot;}\" data-widget_type=\"menu-anchor.default\">\n\t\t\t\t<div class=\"elementor-widget-container\">\n\t\t\t\t\t\t\t<div class=\"elementor-menu-anchor\" id=\"kontaktSod\"><\/div>\n\t\t\t\t\t\t<\/div>\n\t\t\t\t<\/div>\n\t\t\t\t<div class=\"elementor-element elementor-element-1f2d590 elementor-invisible elementor-widget elementor-widget-heading\" data-id=\"1f2d590\" data-element_type=\"widget\" data-e-type=\"widget\" data-settings=\"{&quot;_animation&quot;:&quot;fadeIn&quot;}\" data-widget_type=\"heading.default\">\n\t\t\t\t<div class=\"elementor-widget-container\">\n\t\t\t\t\t<h2 class=\"elementor-heading-title elementor-size-default\">Hur kan vi hj\u00e4lpa dig?<\/h2>\t\t\t\t<\/div>\n\t\t\t\t<\/div>\n\t\t\t\t<section class=\"elementor-section elementor-inner-section elementor-element elementor-element-8f28ad8 elementor-section-boxed elementor-section-height-default elementor-section-height-default\" data-id=\"8f28ad8\" data-element_type=\"section\" data-e-type=\"section\">\n\t\t\t\t\t\t<div class=\"elementor-container elementor-column-gap-default\">\n\t\t\t\t\t<div class=\"elementor-column elementor-col-100 elementor-inner-column elementor-element elementor-element-25084b6 elementor-invisible\" data-id=\"25084b6\" data-element_type=\"column\" data-e-type=\"column\" data-settings=\"{&quot;animation&quot;:&quot;fadeIn&quot;}\">\n\t\t\t<div class=\"elementor-widget-wrap elementor-element-populated\">\n\t\t\t\t\t\t<div class=\"elementor-element elementor-element-8468345 elementor-widget elementor-widget-text-editor\" data-id=\"8468345\" data-element_type=\"widget\" data-e-type=\"widget\" data-widget_type=\"text-editor.default\">\n\t\t\t\t<div class=\"elementor-widget-container\">\n\t\t\t\t\t\t\t\t\t<p>Nedan hittar du v\u00e5ra uppgifter, k\u00e4nn dig mer \u00e4n v\u00e4lkommen att kontakta oss med din fr\u00e5ga eller fundering.<\/p>\t\t\t\t\t\t\t\t<\/div>\n\t\t\t\t<\/div>\n\t\t\t\t<div class=\"elementor-element elementor-element-f68ef0a elementor-mobile-align-center elementor-icon-list--layout-traditional elementor-list-item-link-full_width elementor-widget elementor-widget-icon-list\" data-id=\"f68ef0a\" data-element_type=\"widget\" data-e-type=\"widget\" data-widget_type=\"icon-list.default\">\n\t\t\t\t<div class=\"elementor-widget-container\">\n\t\t\t\t\t\t\t<ul class=\"elementor-icon-list-items\">\n\t\t\t\t\t\t\t<li class=\"elementor-icon-list-item\">\n\t\t\t\t\t\t\t\t\t\t\t<a href=\"tel:+%2046%2070%20005%2097%2058\">\n\n\t\t\t\t\t\t\t\t\t\t\t\t<span class=\"elementor-icon-list-icon\">\n\t\t\t\t\t\t\t<i aria-hidden=\"true\" class=\"fas fa-phone-alt\"><\/i>\t\t\t\t\t\t<\/span>\n\t\t\t\t\t\t\t\t\t\t<span class=\"elementor-icon-list-text\">+46 70 005 97 58<\/span>\n\t\t\t\t\t\t\t\t\t\t\t<\/a>\n\t\t\t\t\t\t\t\t\t<\/li>\n\t\t\t\t\t\t\t\t<li class=\"elementor-icon-list-item\">\n\t\t\t\t\t\t\t\t\t\t\t<a href=\"mailto:Visby@lafontana.nu?subject=Hur%20kan%20vi%20hj\u00e4lpa%20dig?&#038;body=Skriv%20ditt%20meddelande%20h\u00e4r\">\n\n\t\t\t\t\t\t\t\t\t\t\t\t<span class=\"elementor-icon-list-icon\">\n\t\t\t\t\t\t\t<i aria-hidden=\"true\" class=\"fas fa-envelope\"><\/i>\t\t\t\t\t\t<\/span>\n\t\t\t\t\t\t\t\t\t\t<span class=\"elementor-icon-list-text\">Visby@lafontana.nu<\/span>\n\t\t\t\t\t\t\t\t\t\t\t<\/a>\n\t\t\t\t\t\t\t\t\t<\/li>\n\t\t\t\t\t\t\t\t<li class=\"elementor-icon-list-item\">\n\t\t\t\t\t\t\t\t\t\t\t<a href=\"https:\/\/goo.gl\/maps\/GsvKnDTR6V4Bvu768\" target=\"_blank\">\n\n\t\t\t\t\t\t\t\t\t\t\t\t<span class=\"elementor-icon-list-icon\">\n\t\t\t\t\t\t\t<i aria-hidden=\"true\" class=\"fas fa-map-pin\"><\/i>\t\t\t\t\t\t<\/span>\n\t\t\t\t\t\t\t\t\t\t<span class=\"elementor-icon-list-text\">H\u00e4sgatan 18A, 621 56 Visby<\/span>\n\t\t\t\t\t\t\t\t\t\t\t<\/a>\n\t\t\t\t\t\t\t\t\t<\/li>\n\t\t\t\t\t\t<\/ul>\n\t\t\t\t\t\t<\/div>\n\t\t\t\t<\/div>\n\t\t\t\t\t<\/div>\n\t\t<\/div>\n\t\t\t\t\t<\/div>\n\t\t<\/section>\n\t\t\t\t\t<\/div>\n\t\t<\/div>\n\t\t\t\t<div class=\"elementor-column elementor-col-50 elementor-top-column elementor-element elementor-element-4114946 elementor-invisible\" data-id=\"4114946\" data-element_type=\"column\" data-e-type=\"column\" data-settings=\"{&quot;animation&quot;:&quot;fadeIn&quot;}\">\n\t\t\t<div class=\"elementor-widget-wrap elementor-element-populated\">\n\t\t\t\t\t\t<div class=\"elementor-element elementor-element-be3a1e1 elementor-mobile-button-align-stretch elementor-button-align-stretch elementor-widget elementor-widget-form\" data-id=\"be3a1e1\" data-element_type=\"widget\" data-e-type=\"widget\" data-settings=\"{&quot;button_width&quot;:&quot;40&quot;,&quot;button_width_tablet&quot;:&quot;100&quot;,&quot;button_width_mobile&quot;:&quot;100&quot;,&quot;step_next_label&quot;:&quot;N\\u00e4sta&quot;,&quot;step_previous_label&quot;:&quot;F\\u00f6reg\\u00e5ende&quot;,&quot;step_type&quot;:&quot;number_text&quot;,&quot;step_icon_shape&quot;:&quot;circle&quot;}\" data-widget_type=\"form.default\">\n\t\t\t\t<div class=\"elementor-widget-container\">\n\t\t\t\t\t\t\t<form class=\"elementor-form\" method=\"post\" id=\"scales\" name=\"kontaktaOssSoder\" aria-label=\"kontaktaOssSoder\">\n\t\t\t<input type=\"hidden\" name=\"post_id\" value=\"1269\"\/>\n\t\t\t<input type=\"hidden\" name=\"form_id\" value=\"be3a1e1\"\/>\n\t\t\t<input type=\"hidden\" name=\"referer_title\" value=\"La Fontana - Kontaka oss (Visby)\" \/>\n\n\t\t\t\t\t\t\t<input type=\"hidden\" name=\"queried_id\" value=\"1269\"\/>\n\t\t\t\n\t\t\t<div class=\"elementor-form-fields-wrapper elementor-labels-\">\n\t\t\t\t\t\t\t\t<div class=\"elementor-field-type-text elementor-field-group elementor-column elementor-field-group-namnVisby elementor-col-50 elementor-md-50 elementor-sm-50 elementor-field-required\">\n\t\t\t\t\t\t\t\t\t\t\t\t<label for=\"form-field-namnVisby\" class=\"elementor-field-label elementor-screen-only\">\n\t\t\t\t\t\t\t\tFullst\u00e4ndiga namn\t\t\t\t\t\t\t<\/label>\n\t\t\t\t\t\t\t\t\t\t\t\t\t\t<input size=\"1\" type=\"text\" name=\"form_fields[namnVisby]\" id=\"form-field-namnVisby\" class=\"elementor-field elementor-size-sm  elementor-field-textual\" placeholder=\"Fullst\u00e4ndiga namn\" required=\"required\">\n\t\t\t\t\t\t\t\t\t\t\t<\/div>\n\t\t\t\t\t\t\t\t<div class=\"elementor-field-type-tel elementor-field-group elementor-column elementor-field-group-field_8a1f54f elementor-col-50 elementor-md-50 elementor-sm-50 elementor-field-required\">\n\t\t\t\t\t\t\t\t\t\t\t\t<label for=\"form-field-field_8a1f54f\" class=\"elementor-field-label elementor-screen-only\">\n\t\t\t\t\t\t\t\tTelefon\t\t\t\t\t\t\t<\/label>\n\t\t\t\t\t\t\t\t<input size=\"1\" type=\"tel\" name=\"form_fields[field_8a1f54f]\" id=\"form-field-field_8a1f54f\" class=\"elementor-field elementor-size-sm  elementor-field-textual\" placeholder=\"Telefon\" required=\"required\" pattern=\"[0-9()#&amp;+*-=.]+\" title=\"Endast siffror och telefontecken (#, -, *, etc) accepteras.\">\n\n\t\t\t\t\t\t<\/div>\n\t\t\t\t\t\t\t\t<div class=\"elementor-field-type-email elementor-field-group elementor-column elementor-field-group-email elementor-col-50 elementor-md-50 elementor-sm-50 elementor-field-required\">\n\t\t\t\t\t\t\t\t\t\t\t\t<label for=\"form-field-email\" class=\"elementor-field-label elementor-screen-only\">\n\t\t\t\t\t\t\t\tE-postadress\t\t\t\t\t\t\t<\/label>\n\t\t\t\t\t\t\t\t\t\t\t\t\t\t<input size=\"1\" type=\"email\" name=\"form_fields[email]\" id=\"form-field-email\" class=\"elementor-field elementor-size-sm  elementor-field-textual\" placeholder=\"Din e-postadress\" required=\"required\">\n\t\t\t\t\t\t\t\t\t\t\t<\/div>\n\t\t\t\t\t\t\t\t<div class=\"elementor-field-type-select elementor-field-group elementor-column elementor-field-group-erende elementor-col-50 elementor-md-50 elementor-sm-50 elementor-field-required\">\n\t\t\t\t\t\t\t\t\t\t\t\t<label for=\"form-field-erende\" class=\"elementor-field-label elementor-screen-only\">\n\t\t\t\t\t\t\t\t\u00c4rende\t\t\t\t\t\t\t<\/label>\n\t\t\t\t\t\t\t\t<div class=\"elementor-field elementor-select-wrapper remove-before \">\n\t\t\t<div class=\"select-caret-down-wrapper\">\n\t\t\t\t<i aria-hidden=\"true\" class=\"eicon-caret-down\"><\/i>\t\t\t<\/div>\n\t\t\t<select name=\"form_fields[erende]\" id=\"form-field-erende\" class=\"elementor-field-textual elementor-size-sm\" required=\"required\">\n\t\t\t\t\t\t\t\t\t<option value=\"-- Ditt \u00e4rende --\">-- Ditt \u00e4rende --<\/option>\n\t\t\t\t\t\t\t\t\t<option value=\"Fr\u00e5ga\">Fr\u00e5ga<\/option>\n\t\t\t\t\t\t\t\t\t<option value=\"Evenemang\">Evenemang<\/option>\n\t\t\t\t\t\t\t\t\t<option value=\"Catering\">Catering<\/option>\n\t\t\t\t\t\t\t\t\t<option value=\"Bokning\">Bokning<\/option>\n\t\t\t\t\t\t\t\t\t<option value=\"\u00d6vrigt\">\u00d6vrigt<\/option>\n\t\t\t\t\t\t\t<\/select>\n\t\t<\/div>\n\t\t\t\t\t\t<\/div>\n\t\t\t\t\t\t\t\t<div class=\"elementor-field-type-textarea elementor-field-group elementor-column elementor-field-group-field_53adab2 elementor-col-100 elementor-md-100 elementor-sm-100 elementor-field-required\">\n\t\t\t\t\t\t\t\t\t\t\t\t<label for=\"form-field-field_53adab2\" class=\"elementor-field-label elementor-screen-only\">\n\t\t\t\t\t\t\t\tBeskrivning\t\t\t\t\t\t\t<\/label>\n\t\t\t\t\t\t<textarea class=\"elementor-field-textual elementor-field  elementor-size-sm\" name=\"form_fields[field_53adab2]\" id=\"form-field-field_53adab2\" rows=\"4\" placeholder=\"Skriv ditt meddelande h\u00e4r\" required=\"required\"><\/textarea>\t\t\t\t<\/div>\n\t\t\t\t\t\t\t\t<div class=\"elementor-field-type-recaptcha_v3 elementor-field-group elementor-column elementor-field-group-field_e0f5d0c elementor-col-100 elementor-md-66 elementor-sm-60 recaptcha_v3-bottomleft\">\n\t\t\t\t\t<div class=\"elementor-field\" id=\"form-field-field_e0f5d0c\"><div class=\"elementor-g-recaptcha\" data-sitekey=\"6Lciky0kAAAAAEKI-P_VEmC5I4_8s-1TtXdzvvVt\" data-type=\"v3\" data-action=\"Form\" data-badge=\"bottomleft\" data-size=\"invisible\"><\/div><\/div>\t\t\t\t<\/div>\n\t\t\t\t\t\t\t\t<div class=\"elementor-field-type-html elementor-field-group elementor-column elementor-field-group-field_ee736cf elementor-col-100 elementor-md-100 elementor-sm-100\">\n\t\t\t\t\t <input type=\"checkbox\" id=\"scales\" name=\"scales\" \n         checked required> Jag godk\u00e4nner La Fontana\u00b4s <a href=\"https:\/\/lafontana.nu\/integritetspolicy\/\" target=\"_blank\">Integritetspolicy<\/a>\t\t\t\t<\/div>\n\t\t\t\t\t\t\t\t<div class=\"elementor-field-group elementor-column elementor-field-type-submit elementor-col-40 e-form__buttons elementor-md-100 elementor-sm-100\">\n\t\t\t\t\t<button class=\"elementor-button elementor-size-sm\" type=\"submit\">\n\t\t\t\t\t\t<span class=\"elementor-button-content-wrapper\">\n\t\t\t\t\t\t\t\t\t\t\t\t\t\t\t\t\t\t\t\t\t\t<span class=\"elementor-button-text\">Skicka<\/span>\n\t\t\t\t\t\t\t\t\t\t\t\t\t<\/span>\n\t\t\t\t\t<\/button>\n\t\t\t\t<\/div>\n\t\t\t<\/div>\n\t\t<\/form>\n\t\t\t\t\t\t<\/div>\n\t\t\t\t<\/div>\n\t\t\t\t\t<\/div>\n\t\t<\/div>\n\t\t\t\t\t<\/div>\n\t\t<\/section>\n\t\t\t\t<section class=\"elementor-section elementor-top-section elementor-element elementor-element-df3e483 elementor-section-height-min-height elementor-section-items-stretch elementor-section-content-middle elementor-section-boxed elementor-section-height-default\" data-id=\"df3e483\" data-element_type=\"section\" data-e-type=\"section\" data-settings=\"{&quot;background_background&quot;:&quot;classic&quot;}\">\n\t\t\t\t\t\t\t<div class=\"elementor-background-overlay\"><\/div>\n\t\t\t\t\t\t\t<div class=\"elementor-container elementor-column-gap-wider\">\n\t\t\t\t\t<div class=\"elementor-column elementor-col-100 elementor-top-column elementor-element elementor-element-d9d0564 elementor-invisible\" data-id=\"d9d0564\" data-element_type=\"column\" data-e-type=\"column\" data-settings=\"{&quot;animation&quot;:&quot;fadeIn&quot;}\">\n\t\t\t<div class=\"elementor-widget-wrap elementor-element-populated\">\n\t\t\t\t\t\t<div class=\"elementor-element elementor-element-5722a0a elementor-widget elementor-widget-google_maps\" data-id=\"5722a0a\" data-element_type=\"widget\" data-e-type=\"widget\" data-widget_type=\"google_maps.default\">\n\t\t\t\t<div class=\"elementor-widget-container\">\n\t\t\t\t\t\t\t<div class=\"elementor-custom-embed\">\n\t\t\t<iframe loading=\"lazy\"\n\t\t\t\t\tsrc=\"https:\/\/maps.google.com\/maps?q=La%20fontana%20Visby&#038;t=m&#038;z=12&#038;output=embed&#038;iwloc=near\"\n\t\t\t\t\ttitle=\"La fontana Visby\"\n\t\t\t\t\taria-label=\"La fontana Visby\"\n\t\t\t><\/iframe>\n\t\t<\/div>\n\t\t\t\t\t\t<\/div>\n\t\t\t\t<\/div>\n\t\t\t\t\t<\/div>\n\t\t<\/div>\n\t\t\t\t\t<\/div>\n\t\t<\/section>\n\t\t\t\t<\/div>\n\t\t","protected":false},"excerpt":{"rendered":"<p>Kontakta oss Hur kan vi hj\u00e4lpa dig? Nedan hittar du v\u00e5ra uppgifter, k\u00e4nn dig mer \u00e4n v\u00e4lkommen att kontakta oss med din fr\u00e5ga eller fundering. +46 70 005 97 58 Visby@lafontana.nu H\u00e4sgatan 18A, 621 56 Visby<\/p>","protected":false},"author":1,"featured_media":0,"parent":0,"menu_order":0,"comment_status":"closed","ping_status":"closed","template":"elementor_header_footer","meta":{"footnotes":""},"class_list":["post-1269","page","type-page","status-publish","hentry"],"yoast_head":"<!-- This site is optimized with the Yoast SEO plugin v27.1.1 - https:\/\/yoast.com\/product\/yoast-seo-wordpress\/ -->\n<title>La Fontana - Kontaka oss (Visby)<\/title>\n<meta name=\"robots\" content=\"index, follow, max-snippet:-1, max-image-preview:large, max-video-preview:-1\" \/>\n<link rel=\"canonical\" href=\"https:\/\/lafontana.nu\/en\/kontakta-oss\/\" \/>\n<meta property=\"og:locale\" content=\"en_GB\" \/>\n<meta property=\"og:type\" content=\"article\" \/>\n<meta property=\"og:title\" content=\"La Fontana - Kontaka oss (Visby)\" \/>\n<meta property=\"og:description\" content=\"Kontakta oss Hur kan vi hj\u00e4lpa dig? Nedan hittar du v\u00e5ra uppgifter, k\u00e4nn dig mer \u00e4n v\u00e4lkommen att kontakta oss med din fr\u00e5ga eller fundering. +46 70 005 97 58 Visby@lafontana.nu H\u00e4sgatan 18A, 621 56 Visby\" \/>\n<meta property=\"og:url\" content=\"https:\/\/lafontana.nu\/en\/kontakta-oss\/\" \/>\n<meta property=\"og:site_name\" content=\"lafontana.nu\" \/>\n<meta property=\"article:modified_time\" content=\"2026-03-03T17:51:50+00:00\" \/>\n<meta property=\"og:image\" content=\"https:\/\/lafontana.nu\/wp-content\/uploads\/2023\/01\/La-Fontana-Google-banner.jpg\" \/>\n\t<meta property=\"og:image:width\" content=\"544\" \/>\n\t<meta property=\"og:image:height\" content=\"252\" \/>\n\t<meta property=\"og:image:type\" content=\"image\/jpeg\" \/>\n<meta name=\"twitter:card\" content=\"summary_large_image\" \/>\n<meta name=\"twitter:label1\" content=\"Estimated reading time\" \/>\n\t<meta name=\"twitter:data1\" content=\"1 minute\" \/>\n<script type=\"application\/ld+json\" class=\"yoast-schema-graph\">{\"@context\":\"https:\/\/schema.org\",\"@graph\":[{\"@type\":\"WebPage\",\"@id\":\"https:\/\/lafontana.nu\/kontakta-oss\/\",\"url\":\"https:\/\/lafontana.nu\/kontakta-oss\/\",\"name\":\"La Fontana - Kontaka oss (Visby)\",\"isPartOf\":{\"@id\":\"https:\/\/lafontana.nu\/#website\"},\"datePublished\":\"2023-01-30T11:27:17+00:00\",\"dateModified\":\"2026-03-03T17:51:50+00:00\",\"breadcrumb\":{\"@id\":\"https:\/\/lafontana.nu\/kontakta-oss\/#breadcrumb\"},\"inLanguage\":\"en-GB\",\"potentialAction\":[{\"@type\":\"ReadAction\",\"target\":[\"https:\/\/lafontana.nu\/kontakta-oss\/\"]}]},{\"@type\":\"BreadcrumbList\",\"@id\":\"https:\/\/lafontana.nu\/kontakta-oss\/#breadcrumb\",\"itemListElement\":[{\"@type\":\"ListItem\",\"position\":1,\"name\":\"Hem\",\"item\":\"https:\/\/lafontana.nu\/\"},{\"@type\":\"ListItem\",\"position\":2,\"name\":\"Visby Kontakta oss\"}]},{\"@type\":\"WebSite\",\"@id\":\"https:\/\/lafontana.nu\/#website\",\"url\":\"https:\/\/lafontana.nu\/\",\"name\":\"La Fontana\",\"description\":\"Restaurang &amp; Logi\",\"publisher\":{\"@id\":\"https:\/\/lafontana.nu\/#organization\"},\"alternateName\":\"La Fontana\",\"potentialAction\":[{\"@type\":\"SearchAction\",\"target\":{\"@type\":\"EntryPoint\",\"urlTemplate\":\"https:\/\/lafontana.nu\/?s={search_term_string}\"},\"query-input\":{\"@type\":\"PropertyValueSpecification\",\"valueRequired\":true,\"valueName\":\"search_term_string\"}}],\"inLanguage\":\"en-GB\"},{\"@type\":\"Organization\",\"@id\":\"https:\/\/lafontana.nu\/#organization\",\"name\":\"La Fontana\",\"alternateName\":\"La Fontana\",\"url\":\"https:\/\/lafontana.nu\/\",\"logo\":{\"@type\":\"ImageObject\",\"inLanguage\":\"en-GB\",\"@id\":\"https:\/\/lafontana.nu\/#\/schema\/logo\/image\/\",\"url\":\"https:\/\/lafontana.nu\/wp-content\/uploads\/2023\/01\/cropped-LaFontanaCropped.png\",\"contentUrl\":\"https:\/\/lafontana.nu\/wp-content\/uploads\/2023\/01\/cropped-LaFontanaCropped.png\",\"width\":512,\"height\":512,\"caption\":\"La Fontana\"},\"image\":{\"@id\":\"https:\/\/lafontana.nu\/#\/schema\/logo\/image\/\"},\"sameAs\":[\"https:\/\/www.instagram.com\/lafontanasodertalje\/\"]}]}<\/script>\n<!-- \/ Yoast SEO plugin. -->","yoast_head_json":{"title":"La Fontana - Kontaka oss (Visby)","robots":{"index":"index","follow":"follow","max-snippet":"max-snippet:-1","max-image-preview":"max-image-preview:large","max-video-preview":"max-video-preview:-1"},"canonical":"https:\/\/lafontana.nu\/en\/kontakta-oss\/","og_locale":"en_GB","og_type":"article","og_title":"La Fontana - Kontaka oss (Visby)","og_description":"Kontakta oss Hur kan vi hj\u00e4lpa dig? Nedan hittar du v\u00e5ra uppgifter, k\u00e4nn dig mer \u00e4n v\u00e4lkommen att kontakta oss med din fr\u00e5ga eller fundering. +46 70 005 97 58 Visby@lafontana.nu H\u00e4sgatan 18A, 621 56 Visby","og_url":"https:\/\/lafontana.nu\/en\/kontakta-oss\/","og_site_name":"lafontana.nu","article_modified_time":"2026-03-03T17:51:50+00:00","og_image":[{"width":544,"height":252,"url":"https:\/\/lafontana.nu\/wp-content\/uploads\/2023\/01\/La-Fontana-Google-banner.jpg","type":"image\/jpeg"}],"twitter_card":"summary_large_image","twitter_misc":{"Estimated reading time":"1 minute"},"schema":{"@context":"https:\/\/schema.org","@graph":[{"@type":"WebPage","@id":"https:\/\/lafontana.nu\/kontakta-oss\/","url":"https:\/\/lafontana.nu\/kontakta-oss\/","name":"La Fontana - Kontaka oss (Visby)","isPartOf":{"@id":"https:\/\/lafontana.nu\/#website"},"datePublished":"2023-01-30T11:27:17+00:00","dateModified":"2026-03-03T17:51:50+00:00","breadcrumb":{"@id":"https:\/\/lafontana.nu\/kontakta-oss\/#breadcrumb"},"inLanguage":"en-GB","potentialAction":[{"@type":"ReadAction","target":["https:\/\/lafontana.nu\/kontakta-oss\/"]}]},{"@type":"BreadcrumbList","@id":"https:\/\/lafontana.nu\/kontakta-oss\/#breadcrumb","itemListElement":[{"@type":"ListItem","position":1,"name":"Hem","item":"https:\/\/lafontana.nu\/"},{"@type":"ListItem","position":2,"name":"Visby Kontakta oss"}]},{"@type":"WebSite","@id":"https:\/\/lafontana.nu\/#website","url":"https:\/\/lafontana.nu\/","name":"La Fontana","description":"Restaurang &amp; Logi","publisher":{"@id":"https:\/\/lafontana.nu\/#organization"},"alternateName":"La Fontana","potentialAction":[{"@type":"SearchAction","target":{"@type":"EntryPoint","urlTemplate":"https:\/\/lafontana.nu\/?s={search_term_string}"},"query-input":{"@type":"PropertyValueSpecification","valueRequired":true,"valueName":"search_term_string"}}],"inLanguage":"en-GB"},{"@type":"Organization","@id":"https:\/\/lafontana.nu\/#organization","name":"La Fontana","alternateName":"La Fontana","url":"https:\/\/lafontana.nu\/","logo":{"@type":"ImageObject","inLanguage":"en-GB","@id":"https:\/\/lafontana.nu\/#\/schema\/logo\/image\/","url":"https:\/\/lafontana.nu\/wp-content\/uploads\/2023\/01\/cropped-LaFontanaCropped.png","contentUrl":"https:\/\/lafontana.nu\/wp-content\/uploads\/2023\/01\/cropped-LaFontanaCropped.png","width":512,"height":512,"caption":"La Fontana"},"image":{"@id":"https:\/\/lafontana.nu\/#\/schema\/logo\/image\/"},"sameAs":["https:\/\/www.instagram.com\/lafontanasodertalje\/"]}]}},"_links":{"self":[{"href":"https:\/\/lafontana.nu\/en\/wp-json\/wp\/v2\/pages\/1269","targetHints":{"allow":["GET"]}}],"collection":[{"href":"https:\/\/lafontana.nu\/en\/wp-json\/wp\/v2\/pages"}],"about":[{"href":"https:\/\/lafontana.nu\/en\/wp-json\/wp\/v2\/types\/page"}],"author":[{"embeddable":true,"href":"https:\/\/lafontana.nu\/en\/wp-json\/wp\/v2\/users\/1"}],"replies":[{"embeddable":true,"href":"https:\/\/lafontana.nu\/en\/wp-json\/wp\/v2\/comments?post=1269"}],"version-history":[{"count":40,"href":"https:\/\/lafontana.nu\/en\/wp-json\/wp\/v2\/pages\/1269\/revisions"}],"predecessor-version":[{"id":1891,"href":"https:\/\/lafontana.nu\/en\/wp-json\/wp\/v2\/pages\/1269\/revisions\/1891"}],"wp:attachment":[{"href":"https:\/\/lafontana.nu\/en\/wp-json\/wp\/v2\/media?parent=1269"}],"curies":[{"name":"wp","href":"https:\/\/api.w.org\/{rel}","templated":true}]}}