{"id":3,"date":"2023-01-24T20:27:54","date_gmt":"2023-01-24T19:27:54","guid":{"rendered":"https:\/\/lafontana.nu\/?page_id=3"},"modified":"2025-05-04T21:49:16","modified_gmt":"2025-05-04T19:49:16","slug":"integritetspolicy","status":"publish","type":"page","link":"https:\/\/lafontana.nu\/en\/integritetspolicy\/","title":{"rendered":"Privacy Policy"},"content":{"rendered":"<div data-elementor-type=\"wp-page\" data-elementor-id=\"3\" class=\"elementor elementor-3\" data-elementor-post-type=\"page\">\n\t\t\t\t\t\t<section class=\"elementor-section elementor-top-section elementor-element elementor-element-967ebb8 elementor-section-height-min-height elementor-section-items-stretch elementor-section-content-middle elementor-reverse-mobile elementor-section-boxed elementor-section-height-default\" data-id=\"967ebb8\" data-element_type=\"section\" data-e-type=\"section\" data-settings=\"{&quot;background_background&quot;:&quot;classic&quot;}\">\n\t\t\t\t\t\t\t<div class=\"elementor-background-overlay\"><\/div>\n\t\t\t\t\t\t\t<div class=\"elementor-container elementor-column-gap-wider\">\n\t\t\t\t\t<div class=\"elementor-column elementor-col-100 elementor-top-column elementor-element elementor-element-cb2b783 elementor-invisible\" data-id=\"cb2b783\" data-element_type=\"column\" data-e-type=\"column\" data-settings=\"{&quot;animation&quot;:&quot;fadeIn&quot;}\">\n\t\t\t<div class=\"elementor-widget-wrap elementor-element-populated\">\n\t\t\t\t\t\t<div class=\"elementor-element elementor-element-8c57ea9 elementor-widget elementor-widget-heading\" data-id=\"8c57ea9\" data-element_type=\"widget\" data-e-type=\"widget\" data-widget_type=\"heading.default\">\n\t\t\t\t<div class=\"elementor-widget-container\">\n\t\t\t\t\t<h2 class=\"elementor-heading-title elementor-size-default\">La Fontana T\u00e4lge Ab<\/h2>\t\t\t\t<\/div>\n\t\t\t\t<\/div>\n\t\t\t\t<div class=\"elementor-element elementor-element-3007d3b elementor-widget elementor-widget-text-editor\" data-id=\"3007d3b\" data-element_type=\"widget\" data-e-type=\"widget\" data-widget_type=\"text-editor.default\">\n\t\t\t\t<div class=\"elementor-widget-container\">\n\t\t\t\t\t\t\t\t\t<p>La Fontana T\u00e4lge AB (orgNr: 559399-0350) \u2013 (La Fontana \/ www.lafontana.nu) v\u00e4rnar om s\u00e4kerheten kring era personuppgifter med st\u00f6rsta integritet och h\u00e4nsyn. V\u00e5r webbplats https:\/\/lafontana.nu\/ \u00e4r krypterad med HTTPS\/SSL-certifikat. Certifikatet \u00e4r till f\u00f6r att f\u00f6rhindra obeh\u00f6riga personer att se information som skickas mellan servrar. H\u00e4r f\u00f6rklarar vi hur vi samlar in och anv\u00e4nder data f\u00f6r att f\u00f6lja g\u00e4llande lagar och f\u00f6rordningar (GDPR). Informationen p\u00e5 denna sidan kan uppdateras. Denna integritets policy uppdaterades 2025-05-04.<\/p>\t\t\t\t\t\t\t\t<\/div>\n\t\t\t\t<\/div>\n\t\t\t\t<div class=\"elementor-element elementor-element-2118ecf elementor-widget elementor-widget-heading\" data-id=\"2118ecf\" data-element_type=\"widget\" data-e-type=\"widget\" data-widget_type=\"heading.default\">\n\t\t\t\t<div class=\"elementor-widget-container\">\n\t\t\t\t\t<h2 class=\"elementor-heading-title elementor-size-default\">What data do we store and for how long\n<\/h2>\t\t\t\t<\/div>\n\t\t\t\t<\/div>\n\t\t\t\t<div class=\"elementor-element elementor-element-85ea989 elementor-widget elementor-widget-text-editor\" data-id=\"85ea989\" data-element_type=\"widget\" data-e-type=\"widget\" data-widget_type=\"text-editor.default\">\n\t\t\t\t<div class=\"elementor-widget-container\">\n\t\t\t\t\t\t\t\t\t<p>Uppgifterna som lagras hos oss \u00e4r de f\u00e4lt som respektive formul\u00e4r inneh\u00e5ller. Personuppgifterna samlas in och behandlas i syfte att administrera den \u00e5tg\u00e4rd som du har beg\u00e4rt. Eller enligt vad som kr\u00e4vs enligt lag, och sparas inte l\u00e4ngre \u00e4n vad som kr\u00e4vs f\u00f6r att fullg\u00f6ra detta syfte. Om du l\u00e4mnar dina personuppgifter\/fyller i ett formul\u00e4r till La Fontana via denna webbplats samtycker du till behandling av dem, i enlighet med denna policy.<\/p>\t\t\t\t\t\t\t\t<\/div>\n\t\t\t\t<\/div>\n\t\t\t\t<div class=\"elementor-element elementor-element-4394fc5 elementor-widget elementor-widget-heading\" data-id=\"4394fc5\" data-element_type=\"widget\" data-e-type=\"widget\" data-widget_type=\"heading.default\">\n\t\t\t\t<div class=\"elementor-widget-container\">\n\t\t\t\t\t<h2 class=\"elementor-heading-title elementor-size-default\">The purpose of the collection<\/h2>\t\t\t\t<\/div>\n\t\t\t\t<\/div>\n\t\t\t\t<div class=\"elementor-element elementor-element-e30c5b3 elementor-widget elementor-widget-text-editor\" data-id=\"e30c5b3\" data-element_type=\"widget\" data-e-type=\"widget\" data-widget_type=\"text-editor.default\">\n\t\t\t\t<div class=\"elementor-widget-container\">\n\t\t\t\t\t\t\t\t\t<div data-id=\"e09eb6f\" data-element_type=\"widget\" data-widget_type=\"text-editor.default\">\n<div>\n<div>\n<p>We collect information to make contact, establish and\/or maintain a business relationship or inquiry.<\/p>\n<\/div>\n<\/div>\n<\/div>\t\t\t\t\t\t\t\t<\/div>\n\t\t\t\t<\/div>\n\t\t\t\t<div class=\"elementor-element elementor-element-9af0ea4 elementor-widget elementor-widget-heading\" data-id=\"9af0ea4\" data-element_type=\"widget\" data-e-type=\"widget\" data-widget_type=\"heading.default\">\n\t\t\t\t<div class=\"elementor-widget-container\">\n\t\t\t\t\t<h2 class=\"elementor-heading-title elementor-size-default\">Change\/deletion and right to information about personal data<\/h2>\t\t\t\t<\/div>\n\t\t\t\t<\/div>\n\t\t\t\t<div class=\"elementor-element elementor-element-f41e301 elementor-widget elementor-widget-text-editor\" data-id=\"f41e301\" data-element_type=\"widget\" data-e-type=\"widget\" data-widget_type=\"text-editor.default\">\n\t\t\t\t<div class=\"elementor-widget-container\">\n\t\t\t\t\t\t\t\t\t<div data-id=\"e09eb6f\" data-element_type=\"widget\" data-widget_type=\"text-editor.default\">\n<p>You always have the opportunity and the right to request access to the information we have stored. You also have the right to request changes or deletion of your data. To do this, contact us via email (<a href=\"mailto:info@lafontana.nu\">info@lafontana.nu<\/a>). When you are a customer with us, we always need your information to be able to complete our cooperation.<\/p>\n<\/div>\t\t\t\t\t\t\t\t<\/div>\n\t\t\t\t<\/div>\n\t\t\t\t<div class=\"elementor-element elementor-element-28a471b elementor-widget elementor-widget-heading\" data-id=\"28a471b\" data-element_type=\"widget\" data-e-type=\"widget\" data-widget_type=\"heading.default\">\n\t\t\t\t<div class=\"elementor-widget-container\">\n\t\t\t\t\t<h2 class=\"elementor-heading-title elementor-size-default\">Changes to the General Terms and Conditions\n<\/h2>\t\t\t\t<\/div>\n\t\t\t\t<\/div>\n\t\t\t\t<div class=\"elementor-element elementor-element-76494d1 elementor-widget elementor-widget-text-editor\" data-id=\"76494d1\" data-element_type=\"widget\" data-e-type=\"widget\" data-widget_type=\"text-editor.default\">\n\t\t\t\t<div class=\"elementor-widget-container\">\n\t\t\t\t\t\t\t\t\t<div data-id=\"e09eb6f\" data-element_type=\"widget\" data-widget_type=\"text-editor.default\">\n<p>We reserve the right to make changes to the terms and conditions at any time. Changes to the terms will be posted online on the website. The amended terms and conditions are considered accepted in connection with orders or visits to the website.<\/p>\n<\/div>\t\t\t\t\t\t\t\t<\/div>\n\t\t\t\t<\/div>\n\t\t\t\t<div class=\"elementor-element elementor-element-842c4f1 elementor-widget elementor-widget-heading\" data-id=\"842c4f1\" data-element_type=\"widget\" data-e-type=\"widget\" data-widget_type=\"heading.default\">\n\t\t\t\t<div class=\"elementor-widget-container\">\n\t\t\t\t\t<h2 class=\"elementor-heading-title elementor-size-default\">We reserve the right for printing errors<\/h2>\t\t\t\t<\/div>\n\t\t\t\t<\/div>\n\t\t\t\t<div class=\"elementor-element elementor-element-5ed60cc elementor-widget elementor-widget-text-editor\" data-id=\"5ed60cc\" data-element_type=\"widget\" data-e-type=\"widget\" data-widget_type=\"text-editor.default\">\n\t\t\t\t<div class=\"elementor-widget-container\">\n\t\t\t\t\t\t\t\t\t<div data-id=\"e09eb6f\" data-element_type=\"widget\" data-widget_type=\"text-editor.default\"><p>we reserve the right for possible misspellings for the menu and opening hours and that we can always be reached by phone for questions and concerns.<\/p><\/div>\t\t\t\t\t\t\t\t<\/div>\n\t\t\t\t<\/div>\n\t\t\t\t<div class=\"elementor-element elementor-element-1e7cd8d elementor-widget elementor-widget-heading\" data-id=\"1e7cd8d\" data-element_type=\"widget\" data-e-type=\"widget\" data-widget_type=\"heading.default\">\n\t\t\t\t<div class=\"elementor-widget-container\">\n\t\t\t\t\t<h2 class=\"elementor-heading-title elementor-size-default\">Sharing of data to third parties<\/h2>\t\t\t\t<\/div>\n\t\t\t\t<\/div>\n\t\t\t\t<div class=\"elementor-element elementor-element-7d3802f elementor-widget elementor-widget-text-editor\" data-id=\"7d3802f\" data-element_type=\"widget\" data-e-type=\"widget\" data-widget_type=\"text-editor.default\">\n\t\t\t\t<div class=\"elementor-widget-container\">\n\t\t\t\t\t\t\t\t\t<div data-id=\"e09eb6f\" data-element_type=\"widget\" data-widget_type=\"text-editor.default\">\n<p>La Fontana may, in some cases, forward your personal data to third parties and partners if it is deemed necessary to fulfill your request for our services. Your personal data is only stored for the period that is necessary with regard to the purpose of the processing, unless otherwise stated in this policy.&nbsp;<\/p>\n<p class=\"translation-block\"><b>Mailchimp<\/b><br>We use M<b>mailchimp <\/b>(<a href=\"http:\/\/www.mailchimp.com\/\" target=\"_self\">www.mailchimp .com<\/a>) to collect e-mail addresses (customers) who are interested in joining our subscription form, your e-mail is used to distribute e-mails and nothing else. By accepting and inserting your email address, you accept that we send you news, offers, tips and news that revolve around our business. You can easily choose not to take part in our newsletter by canceling the subscription in the e-mail sent out.<\/p>\n<p class=\"translation-block\"><b>Google analytics<\/b><br>La Fotnana uses Google Analytics to measure statistics and data on the website, by using our services you agree that we may use your geographic location and other data services that are included in our marketing work. We do not provide the data ourselves, but use Google's own services to maintain information that is essential for our business, therefore we do not share your data with any third parties.<\/p>\n<p class=\"translation-block\"><b>The Fork (Booking Module)<\/b><br>You have the possibility to make bookings \/ reservations with The Fork by using the embedded booking module on\u00a0 our website, you have yourself When using our booking tool accept processing of the information requested and also The Fork's <a href=\"https:\/\/www.thefork.se\/legal\" target=\"_self\">own policy<\/a>. We have no intention of saving your information, but only being able to process your request or other questions that concern business measures.<\/p>\n<\/div>\t\t\t\t\t\t\t\t<\/div>\n\t\t\t\t<\/div>\n\t\t\t\t\t<\/div>\n\t\t<\/div>\n\t\t\t\t\t<\/div>\n\t\t<\/section>\n\t\t\t\t<\/div>","protected":false},"excerpt":{"rendered":"<p>La Fontana T\u00e4lge Ab La Fontana T\u00e4lge AB (orgNr: 559399-0350) \u2013 (La Fontana \/ www.lafontana.nu) v\u00e4rnar om s\u00e4kerheten kring era personuppgifter med st\u00f6rsta integritet och h\u00e4nsyn. V\u00e5r webbplats https:\/\/lafontana.nu\/ \u00e4r krypterad med HTTPS\/SSL-certifikat. Certifikatet \u00e4r till f\u00f6r att f\u00f6rhindra obeh\u00f6riga personer att se information som skickas mellan servrar. H\u00e4r f\u00f6rklarar vi hur vi samlar in [&hellip;]<\/p>\n","protected":false},"author":1,"featured_media":942,"parent":0,"menu_order":0,"comment_status":"closed","ping_status":"open","template":"elementor_header_footer","meta":{"footnotes":""},"class_list":["post-3","page","type-page","status-publish","has-post-thumbnail","hentry"],"yoast_head":"<!-- This site is optimized with the Yoast SEO plugin v27.1.1 - https:\/\/yoast.com\/product\/yoast-seo-wordpress\/ -->\n<title>Integritetspolicy - lafontana.nu<\/title>\n<meta name=\"robots\" content=\"index, follow, max-snippet:-1, max-image-preview:large, max-video-preview:-1\" \/>\n<link rel=\"canonical\" href=\"https:\/\/lafontana.nu\/en\/integritetspolicy\/\" \/>\n<meta property=\"og:locale\" content=\"en_GB\" \/>\n<meta property=\"og:type\" content=\"article\" \/>\n<meta property=\"og:title\" content=\"Integritetspolicy - lafontana.nu\" \/>\n<meta property=\"og:description\" content=\"La Fontana T\u00e4lge Ab La Fontana T\u00e4lge AB (orgNr: 559399-0350) \u2013 (La Fontana \/ www.lafontana.nu) v\u00e4rnar om s\u00e4kerheten kring era personuppgifter med st\u00f6rsta integritet och h\u00e4nsyn. V\u00e5r webbplats https:\/\/lafontana.nu\/ \u00e4r krypterad med HTTPS\/SSL-certifikat. Certifikatet \u00e4r till f\u00f6r att f\u00f6rhindra obeh\u00f6riga personer att se information som skickas mellan servrar. H\u00e4r f\u00f6rklarar vi hur vi samlar in [&hellip;]\" \/>\n<meta property=\"og:url\" content=\"https:\/\/lafontana.nu\/en\/integritetspolicy\/\" \/>\n<meta property=\"og:site_name\" content=\"lafontana.nu\" \/>\n<meta property=\"article:modified_time\" content=\"2025-05-04T19:49:16+00:00\" \/>\n<meta property=\"og:image\" content=\"https:\/\/lafontana.nu\/wp-content\/uploads\/2023\/01\/La-Fontana-Google-banner.jpg\" \/>\n\t<meta property=\"og:image:width\" content=\"544\" \/>\n\t<meta property=\"og:image:height\" content=\"252\" \/>\n\t<meta property=\"og:image:type\" content=\"image\/jpeg\" \/>\n<meta name=\"twitter:card\" content=\"summary_large_image\" \/>\n<meta name=\"twitter:label1\" content=\"Estimated reading time\" \/>\n\t<meta name=\"twitter:data1\" content=\"3 minutes\" \/>\n<script type=\"application\/ld+json\" class=\"yoast-schema-graph\">{\"@context\":\"https:\/\/schema.org\",\"@graph\":[{\"@type\":\"WebPage\",\"@id\":\"https:\/\/lafontana.nu\/integritetspolicy\/\",\"url\":\"https:\/\/lafontana.nu\/integritetspolicy\/\",\"name\":\"Integritetspolicy - lafontana.nu\",\"isPartOf\":{\"@id\":\"https:\/\/lafontana.nu\/#website\"},\"primaryImageOfPage\":{\"@id\":\"https:\/\/lafontana.nu\/integritetspolicy\/#primaryimage\"},\"image\":{\"@id\":\"https:\/\/lafontana.nu\/integritetspolicy\/#primaryimage\"},\"thumbnailUrl\":\"https:\/\/lafontana.nu\/wp-content\/uploads\/2023\/01\/La-Fontana-Google-banner.jpg\",\"datePublished\":\"2023-01-24T19:27:54+00:00\",\"dateModified\":\"2025-05-04T19:49:16+00:00\",\"breadcrumb\":{\"@id\":\"https:\/\/lafontana.nu\/integritetspolicy\/#breadcrumb\"},\"inLanguage\":\"en-GB\",\"potentialAction\":[{\"@type\":\"ReadAction\",\"target\":[\"https:\/\/lafontana.nu\/integritetspolicy\/\"]}]},{\"@type\":\"ImageObject\",\"inLanguage\":\"en-GB\",\"@id\":\"https:\/\/lafontana.nu\/integritetspolicy\/#primaryimage\",\"url\":\"https:\/\/lafontana.nu\/wp-content\/uploads\/2023\/01\/La-Fontana-Google-banner.jpg\",\"contentUrl\":\"https:\/\/lafontana.nu\/wp-content\/uploads\/2023\/01\/La-Fontana-Google-banner.jpg\",\"width\":544,\"height\":252},{\"@type\":\"BreadcrumbList\",\"@id\":\"https:\/\/lafontana.nu\/integritetspolicy\/#breadcrumb\",\"itemListElement\":[{\"@type\":\"ListItem\",\"position\":1,\"name\":\"Hem\",\"item\":\"https:\/\/lafontana.nu\/\"},{\"@type\":\"ListItem\",\"position\":2,\"name\":\"Integritetspolicy\"}]},{\"@type\":\"WebSite\",\"@id\":\"https:\/\/lafontana.nu\/#website\",\"url\":\"https:\/\/lafontana.nu\/\",\"name\":\"La Fontana\",\"description\":\"Restaurang &amp; Logi\",\"publisher\":{\"@id\":\"https:\/\/lafontana.nu\/#organization\"},\"alternateName\":\"La Fontana\",\"potentialAction\":[{\"@type\":\"SearchAction\",\"target\":{\"@type\":\"EntryPoint\",\"urlTemplate\":\"https:\/\/lafontana.nu\/?s={search_term_string}\"},\"query-input\":{\"@type\":\"PropertyValueSpecification\",\"valueRequired\":true,\"valueName\":\"search_term_string\"}}],\"inLanguage\":\"en-GB\"},{\"@type\":\"Organization\",\"@id\":\"https:\/\/lafontana.nu\/#organization\",\"name\":\"La Fontana\",\"alternateName\":\"La Fontana\",\"url\":\"https:\/\/lafontana.nu\/\",\"logo\":{\"@type\":\"ImageObject\",\"inLanguage\":\"en-GB\",\"@id\":\"https:\/\/lafontana.nu\/#\/schema\/logo\/image\/\",\"url\":\"https:\/\/lafontana.nu\/wp-content\/uploads\/2023\/01\/cropped-LaFontanaCropped.png\",\"contentUrl\":\"https:\/\/lafontana.nu\/wp-content\/uploads\/2023\/01\/cropped-LaFontanaCropped.png\",\"width\":512,\"height\":512,\"caption\":\"La Fontana\"},\"image\":{\"@id\":\"https:\/\/lafontana.nu\/#\/schema\/logo\/image\/\"},\"sameAs\":[\"https:\/\/www.instagram.com\/lafontanasodertalje\/\"]}]}<\/script>\n<!-- \/ Yoast SEO plugin. -->","yoast_head_json":{"title":"Integritetspolicy - lafontana.nu","robots":{"index":"index","follow":"follow","max-snippet":"max-snippet:-1","max-image-preview":"max-image-preview:large","max-video-preview":"max-video-preview:-1"},"canonical":"https:\/\/lafontana.nu\/en\/integritetspolicy\/","og_locale":"en_GB","og_type":"article","og_title":"Integritetspolicy - lafontana.nu","og_description":"La Fontana T\u00e4lge Ab La Fontana T\u00e4lge AB (orgNr: 559399-0350) \u2013 (La Fontana \/ www.lafontana.nu) v\u00e4rnar om s\u00e4kerheten kring era personuppgifter med st\u00f6rsta integritet och h\u00e4nsyn. V\u00e5r webbplats https:\/\/lafontana.nu\/ \u00e4r krypterad med HTTPS\/SSL-certifikat. Certifikatet \u00e4r till f\u00f6r att f\u00f6rhindra obeh\u00f6riga personer att se information som skickas mellan servrar. H\u00e4r f\u00f6rklarar vi hur vi samlar in [&hellip;]","og_url":"https:\/\/lafontana.nu\/en\/integritetspolicy\/","og_site_name":"lafontana.nu","article_modified_time":"2025-05-04T19:49:16+00:00","og_image":[{"width":544,"height":252,"url":"https:\/\/lafontana.nu\/wp-content\/uploads\/2023\/01\/La-Fontana-Google-banner.jpg","type":"image\/jpeg"}],"twitter_card":"summary_large_image","twitter_misc":{"Estimated reading time":"3 minutes"},"schema":{"@context":"https:\/\/schema.org","@graph":[{"@type":"WebPage","@id":"https:\/\/lafontana.nu\/integritetspolicy\/","url":"https:\/\/lafontana.nu\/integritetspolicy\/","name":"Integritetspolicy - lafontana.nu","isPartOf":{"@id":"https:\/\/lafontana.nu\/#website"},"primaryImageOfPage":{"@id":"https:\/\/lafontana.nu\/integritetspolicy\/#primaryimage"},"image":{"@id":"https:\/\/lafontana.nu\/integritetspolicy\/#primaryimage"},"thumbnailUrl":"https:\/\/lafontana.nu\/wp-content\/uploads\/2023\/01\/La-Fontana-Google-banner.jpg","datePublished":"2023-01-24T19:27:54+00:00","dateModified":"2025-05-04T19:49:16+00:00","breadcrumb":{"@id":"https:\/\/lafontana.nu\/integritetspolicy\/#breadcrumb"},"inLanguage":"en-GB","potentialAction":[{"@type":"ReadAction","target":["https:\/\/lafontana.nu\/integritetspolicy\/"]}]},{"@type":"ImageObject","inLanguage":"en-GB","@id":"https:\/\/lafontana.nu\/integritetspolicy\/#primaryimage","url":"https:\/\/lafontana.nu\/wp-content\/uploads\/2023\/01\/La-Fontana-Google-banner.jpg","contentUrl":"https:\/\/lafontana.nu\/wp-content\/uploads\/2023\/01\/La-Fontana-Google-banner.jpg","width":544,"height":252},{"@type":"BreadcrumbList","@id":"https:\/\/lafontana.nu\/integritetspolicy\/#breadcrumb","itemListElement":[{"@type":"ListItem","position":1,"name":"Hem","item":"https:\/\/lafontana.nu\/"},{"@type":"ListItem","position":2,"name":"Integritetspolicy"}]},{"@type":"WebSite","@id":"https:\/\/lafontana.nu\/#website","url":"https:\/\/lafontana.nu\/","name":"La Fontana","description":"Restaurang &amp; Logi","publisher":{"@id":"https:\/\/lafontana.nu\/#organization"},"alternateName":"La Fontana","potentialAction":[{"@type":"SearchAction","target":{"@type":"EntryPoint","urlTemplate":"https:\/\/lafontana.nu\/?s={search_term_string}"},"query-input":{"@type":"PropertyValueSpecification","valueRequired":true,"valueName":"search_term_string"}}],"inLanguage":"en-GB"},{"@type":"Organization","@id":"https:\/\/lafontana.nu\/#organization","name":"La Fontana","alternateName":"La Fontana","url":"https:\/\/lafontana.nu\/","logo":{"@type":"ImageObject","inLanguage":"en-GB","@id":"https:\/\/lafontana.nu\/#\/schema\/logo\/image\/","url":"https:\/\/lafontana.nu\/wp-content\/uploads\/2023\/01\/cropped-LaFontanaCropped.png","contentUrl":"https:\/\/lafontana.nu\/wp-content\/uploads\/2023\/01\/cropped-LaFontanaCropped.png","width":512,"height":512,"caption":"La Fontana"},"image":{"@id":"https:\/\/lafontana.nu\/#\/schema\/logo\/image\/"},"sameAs":["https:\/\/www.instagram.com\/lafontanasodertalje\/"]}]}},"_links":{"self":[{"href":"https:\/\/lafontana.nu\/en\/wp-json\/wp\/v2\/pages\/3","targetHints":{"allow":["GET"]}}],"collection":[{"href":"https:\/\/lafontana.nu\/en\/wp-json\/wp\/v2\/pages"}],"about":[{"href":"https:\/\/lafontana.nu\/en\/wp-json\/wp\/v2\/types\/page"}],"author":[{"embeddable":true,"href":"https:\/\/lafontana.nu\/en\/wp-json\/wp\/v2\/users\/1"}],"replies":[{"embeddable":true,"href":"https:\/\/lafontana.nu\/en\/wp-json\/wp\/v2\/comments?post=3"}],"version-history":[{"count":42,"href":"https:\/\/lafontana.nu\/en\/wp-json\/wp\/v2\/pages\/3\/revisions"}],"predecessor-version":[{"id":1836,"href":"https:\/\/lafontana.nu\/en\/wp-json\/wp\/v2\/pages\/3\/revisions\/1836"}],"wp:featuredmedia":[{"embeddable":true,"href":"https:\/\/lafontana.nu\/en\/wp-json\/wp\/v2\/media\/942"}],"wp:attachment":[{"href":"https:\/\/lafontana.nu\/en\/wp-json\/wp\/v2\/media?parent=3"}],"curies":[{"name":"wp","href":"https:\/\/api.w.org\/{rel}","templated":true}]}}