{"id":539,"date":"2023-01-25T15:55:42","date_gmt":"2023-01-25T14:55:42","guid":{"rendered":"https:\/\/lafontana.nu\/?page_id=539"},"modified":"2025-09-08T16:35:30","modified_gmt":"2025-09-08T14:35:30","slug":"cookie-policy","status":"publish","type":"page","link":"https:\/\/lafontana.nu\/en\/cookie-policy\/","title":{"rendered":"Cookie policy"},"content":{"rendered":"<div data-elementor-type=\"wp-page\" data-elementor-id=\"539\" class=\"elementor elementor-539\" data-elementor-post-type=\"page\">\n\t\t\t\t\t\t<section class=\"elementor-section elementor-top-section elementor-element elementor-element-ed88848 elementor-section-height-min-height elementor-section-items-stretch elementor-section-content-middle elementor-reverse-mobile elementor-section-boxed elementor-section-height-default\" data-id=\"ed88848\" data-element_type=\"section\" data-e-type=\"section\" data-settings=\"{&quot;background_background&quot;:&quot;classic&quot;}\">\n\t\t\t\t\t\t\t<div class=\"elementor-background-overlay\"><\/div>\n\t\t\t\t\t\t\t<div class=\"elementor-container elementor-column-gap-wider\">\n\t\t\t\t\t<div class=\"elementor-column elementor-col-100 elementor-top-column elementor-element elementor-element-16bda7f elementor-invisible\" data-id=\"16bda7f\" data-element_type=\"column\" data-e-type=\"column\" data-settings=\"{&quot;animation&quot;:&quot;fadeIn&quot;}\">\n\t\t\t<div class=\"elementor-widget-wrap elementor-element-populated\">\n\t\t\t\t\t\t<div class=\"elementor-element elementor-element-c9e4ae0 elementor-view-default elementor-widget elementor-widget-icon\" data-id=\"c9e4ae0\" data-element_type=\"widget\" data-e-type=\"widget\" data-widget_type=\"icon.default\">\n\t\t\t\t<div class=\"elementor-widget-container\">\n\t\t\t\t\t\t\t<div class=\"elementor-icon-wrapper\">\n\t\t\t<div class=\"elementor-icon\">\n\t\t\t<i aria-hidden=\"true\" class=\"fas fa-cookie-bite\"><\/i>\t\t\t<\/div>\n\t\t<\/div>\n\t\t\t\t\t\t<\/div>\n\t\t\t\t<\/div>\n\t\t\t\t<div class=\"elementor-element elementor-element-22c381b elementor-widget elementor-widget-heading\" data-id=\"22c381b\" data-element_type=\"widget\" data-e-type=\"widget\" data-widget_type=\"heading.default\">\n\t\t\t\t<div class=\"elementor-widget-container\">\n\t\t\t\t\t<h2 class=\"elementor-heading-title elementor-size-default\">Cookie policy<\/h2>\t\t\t\t<\/div>\n\t\t\t\t<\/div>\n\t\t\t\t<div class=\"elementor-element elementor-element-61e190a elementor-widget elementor-widget-text-editor\" data-id=\"61e190a\" data-element_type=\"widget\" data-e-type=\"widget\" data-widget_type=\"text-editor.default\">\n\t\t\t\t<div class=\"elementor-widget-container\">\n\t\t\t\t\t\t\t\t\t<p>According to the Electronic Information Act, visitors to a website for privacy purposes must be informed that cookies are being used. The information in the cookie can be used to track a user's browsing. A cookie is a small text file that the website you visit requests to be saved on your computer in order to provide access to various functions. It is possible to set your browser so that it automatically refuses cookies. More information can be found on the Swedish Post and Telecommunications Authority's website.<br \/><br \/>If you want to read our Privacy Policy, <a href=\"https:\/\/lafontana.nu\/en\/integritetspolicy\/\">click here.<\/a><\/p>\t\t\t\t\t\t\t\t<\/div>\n\t\t\t\t<\/div>\n\t\t\t\t\t<\/div>\n\t\t<\/div>\n\t\t\t\t\t<\/div>\n\t\t<\/section>\n\t\t\t\t<\/div>","protected":false},"excerpt":{"rendered":"<p>Cookie policy Enligt lag om elektronisk information ska bes\u00f6kare p\u00e5 en webbplats i integritetssyfte f\u00e5 information om att cookies anv\u00e4nds. Informationen i cookien \u00e4r m\u00f6jlig att anv\u00e4nda f\u00f6r att f\u00f6lja en anv\u00e4ndares surfande. Cookie \u00e4r en liten textfil som webbplatsen du bes\u00f6ker beg\u00e4r att f\u00e5 spara p\u00e5 din dator f\u00f6r att ge tillg\u00e5ng till olika [&hellip;]<\/p>\n","protected":false},"author":1,"featured_media":942,"parent":0,"menu_order":0,"comment_status":"closed","ping_status":"closed","template":"elementor_header_footer","meta":{"footnotes":""},"class_list":["post-539","page","type-page","status-publish","has-post-thumbnail","hentry"],"yoast_head":"<!-- This site is optimized with the Yoast SEO plugin v27.1.1 - https:\/\/yoast.com\/product\/yoast-seo-wordpress\/ -->\n<title>La Fontana - Cookie policy<\/title>\n<meta name=\"robots\" content=\"index, follow, max-snippet:-1, max-image-preview:large, max-video-preview:-1\" \/>\n<link rel=\"canonical\" href=\"https:\/\/lafontana.nu\/en\/cookie-policy\/\" \/>\n<meta property=\"og:locale\" content=\"en_GB\" \/>\n<meta property=\"og:type\" content=\"article\" \/>\n<meta property=\"og:title\" content=\"La Fontana - Cookie policy\" \/>\n<meta property=\"og:description\" content=\"Cookie policy Enligt lag om elektronisk information ska bes\u00f6kare p\u00e5 en webbplats i integritetssyfte f\u00e5 information om att cookies anv\u00e4nds. Informationen i cookien \u00e4r m\u00f6jlig att anv\u00e4nda f\u00f6r att f\u00f6lja en anv\u00e4ndares surfande. Cookie \u00e4r en liten textfil som webbplatsen du bes\u00f6ker beg\u00e4r att f\u00e5 spara p\u00e5 din dator f\u00f6r att ge tillg\u00e5ng till olika [&hellip;]\" \/>\n<meta property=\"og:url\" content=\"https:\/\/lafontana.nu\/en\/cookie-policy\/\" \/>\n<meta property=\"og:site_name\" content=\"lafontana.nu\" \/>\n<meta property=\"article:modified_time\" content=\"2025-09-08T14:35:30+00:00\" \/>\n<meta property=\"og:image\" content=\"https:\/\/lafontana.nu\/wp-content\/uploads\/2023\/01\/La-Fontana-Google-banner.jpg\" \/>\n\t<meta property=\"og:image:width\" content=\"544\" \/>\n\t<meta property=\"og:image:height\" content=\"252\" \/>\n\t<meta property=\"og:image:type\" content=\"image\/jpeg\" \/>\n<meta name=\"twitter:card\" content=\"summary_large_image\" \/>\n<meta name=\"twitter:label1\" content=\"Estimated reading time\" \/>\n\t<meta name=\"twitter:data1\" content=\"1 minute\" \/>\n<script type=\"application\/ld+json\" class=\"yoast-schema-graph\">{\"@context\":\"https:\/\/schema.org\",\"@graph\":[{\"@type\":\"WebPage\",\"@id\":\"https:\/\/lafontana.nu\/cookie-policy\/\",\"url\":\"https:\/\/lafontana.nu\/cookie-policy\/\",\"name\":\"La Fontana - Cookie policy\",\"isPartOf\":{\"@id\":\"https:\/\/lafontana.nu\/#website\"},\"primaryImageOfPage\":{\"@id\":\"https:\/\/lafontana.nu\/cookie-policy\/#primaryimage\"},\"image\":{\"@id\":\"https:\/\/lafontana.nu\/cookie-policy\/#primaryimage\"},\"thumbnailUrl\":\"https:\/\/lafontana.nu\/wp-content\/uploads\/2023\/01\/La-Fontana-Google-banner.jpg\",\"datePublished\":\"2023-01-25T14:55:42+00:00\",\"dateModified\":\"2025-09-08T14:35:30+00:00\",\"breadcrumb\":{\"@id\":\"https:\/\/lafontana.nu\/cookie-policy\/#breadcrumb\"},\"inLanguage\":\"en-GB\",\"potentialAction\":[{\"@type\":\"ReadAction\",\"target\":[\"https:\/\/lafontana.nu\/cookie-policy\/\"]}]},{\"@type\":\"ImageObject\",\"inLanguage\":\"en-GB\",\"@id\":\"https:\/\/lafontana.nu\/cookie-policy\/#primaryimage\",\"url\":\"https:\/\/lafontana.nu\/wp-content\/uploads\/2023\/01\/La-Fontana-Google-banner.jpg\",\"contentUrl\":\"https:\/\/lafontana.nu\/wp-content\/uploads\/2023\/01\/La-Fontana-Google-banner.jpg\",\"width\":544,\"height\":252},{\"@type\":\"BreadcrumbList\",\"@id\":\"https:\/\/lafontana.nu\/cookie-policy\/#breadcrumb\",\"itemListElement\":[{\"@type\":\"ListItem\",\"position\":1,\"name\":\"Hem\",\"item\":\"https:\/\/lafontana.nu\/\"},{\"@type\":\"ListItem\",\"position\":2,\"name\":\"Cookie policy\"}]},{\"@type\":\"WebSite\",\"@id\":\"https:\/\/lafontana.nu\/#website\",\"url\":\"https:\/\/lafontana.nu\/\",\"name\":\"La Fontana\",\"description\":\"Restaurang &amp; Logi\",\"publisher\":{\"@id\":\"https:\/\/lafontana.nu\/#organization\"},\"alternateName\":\"La Fontana\",\"potentialAction\":[{\"@type\":\"SearchAction\",\"target\":{\"@type\":\"EntryPoint\",\"urlTemplate\":\"https:\/\/lafontana.nu\/?s={search_term_string}\"},\"query-input\":{\"@type\":\"PropertyValueSpecification\",\"valueRequired\":true,\"valueName\":\"search_term_string\"}}],\"inLanguage\":\"en-GB\"},{\"@type\":\"Organization\",\"@id\":\"https:\/\/lafontana.nu\/#organization\",\"name\":\"La Fontana\",\"alternateName\":\"La Fontana\",\"url\":\"https:\/\/lafontana.nu\/\",\"logo\":{\"@type\":\"ImageObject\",\"inLanguage\":\"en-GB\",\"@id\":\"https:\/\/lafontana.nu\/#\/schema\/logo\/image\/\",\"url\":\"https:\/\/lafontana.nu\/wp-content\/uploads\/2023\/01\/cropped-LaFontanaCropped.png\",\"contentUrl\":\"https:\/\/lafontana.nu\/wp-content\/uploads\/2023\/01\/cropped-LaFontanaCropped.png\",\"width\":512,\"height\":512,\"caption\":\"La Fontana\"},\"image\":{\"@id\":\"https:\/\/lafontana.nu\/#\/schema\/logo\/image\/\"},\"sameAs\":[\"https:\/\/www.instagram.com\/lafontanasodertalje\/\"]}]}<\/script>\n<!-- \/ Yoast SEO plugin. -->","yoast_head_json":{"title":"La Fontana - Cookie policy","robots":{"index":"index","follow":"follow","max-snippet":"max-snippet:-1","max-image-preview":"max-image-preview:large","max-video-preview":"max-video-preview:-1"},"canonical":"https:\/\/lafontana.nu\/en\/cookie-policy\/","og_locale":"en_GB","og_type":"article","og_title":"La Fontana - Cookie policy","og_description":"Cookie policy Enligt lag om elektronisk information ska bes\u00f6kare p\u00e5 en webbplats i integritetssyfte f\u00e5 information om att cookies anv\u00e4nds. Informationen i cookien \u00e4r m\u00f6jlig att anv\u00e4nda f\u00f6r att f\u00f6lja en anv\u00e4ndares surfande. Cookie \u00e4r en liten textfil som webbplatsen du bes\u00f6ker beg\u00e4r att f\u00e5 spara p\u00e5 din dator f\u00f6r att ge tillg\u00e5ng till olika [&hellip;]","og_url":"https:\/\/lafontana.nu\/en\/cookie-policy\/","og_site_name":"lafontana.nu","article_modified_time":"2025-09-08T14:35:30+00:00","og_image":[{"width":544,"height":252,"url":"https:\/\/lafontana.nu\/wp-content\/uploads\/2023\/01\/La-Fontana-Google-banner.jpg","type":"image\/jpeg"}],"twitter_card":"summary_large_image","twitter_misc":{"Estimated reading time":"1 minute"},"schema":{"@context":"https:\/\/schema.org","@graph":[{"@type":"WebPage","@id":"https:\/\/lafontana.nu\/cookie-policy\/","url":"https:\/\/lafontana.nu\/cookie-policy\/","name":"La Fontana - Cookie policy","isPartOf":{"@id":"https:\/\/lafontana.nu\/#website"},"primaryImageOfPage":{"@id":"https:\/\/lafontana.nu\/cookie-policy\/#primaryimage"},"image":{"@id":"https:\/\/lafontana.nu\/cookie-policy\/#primaryimage"},"thumbnailUrl":"https:\/\/lafontana.nu\/wp-content\/uploads\/2023\/01\/La-Fontana-Google-banner.jpg","datePublished":"2023-01-25T14:55:42+00:00","dateModified":"2025-09-08T14:35:30+00:00","breadcrumb":{"@id":"https:\/\/lafontana.nu\/cookie-policy\/#breadcrumb"},"inLanguage":"en-GB","potentialAction":[{"@type":"ReadAction","target":["https:\/\/lafontana.nu\/cookie-policy\/"]}]},{"@type":"ImageObject","inLanguage":"en-GB","@id":"https:\/\/lafontana.nu\/cookie-policy\/#primaryimage","url":"https:\/\/lafontana.nu\/wp-content\/uploads\/2023\/01\/La-Fontana-Google-banner.jpg","contentUrl":"https:\/\/lafontana.nu\/wp-content\/uploads\/2023\/01\/La-Fontana-Google-banner.jpg","width":544,"height":252},{"@type":"BreadcrumbList","@id":"https:\/\/lafontana.nu\/cookie-policy\/#breadcrumb","itemListElement":[{"@type":"ListItem","position":1,"name":"Hem","item":"https:\/\/lafontana.nu\/"},{"@type":"ListItem","position":2,"name":"Cookie policy"}]},{"@type":"WebSite","@id":"https:\/\/lafontana.nu\/#website","url":"https:\/\/lafontana.nu\/","name":"La Fontana","description":"Restaurang &amp; Logi","publisher":{"@id":"https:\/\/lafontana.nu\/#organization"},"alternateName":"La Fontana","potentialAction":[{"@type":"SearchAction","target":{"@type":"EntryPoint","urlTemplate":"https:\/\/lafontana.nu\/?s={search_term_string}"},"query-input":{"@type":"PropertyValueSpecification","valueRequired":true,"valueName":"search_term_string"}}],"inLanguage":"en-GB"},{"@type":"Organization","@id":"https:\/\/lafontana.nu\/#organization","name":"La Fontana","alternateName":"La Fontana","url":"https:\/\/lafontana.nu\/","logo":{"@type":"ImageObject","inLanguage":"en-GB","@id":"https:\/\/lafontana.nu\/#\/schema\/logo\/image\/","url":"https:\/\/lafontana.nu\/wp-content\/uploads\/2023\/01\/cropped-LaFontanaCropped.png","contentUrl":"https:\/\/lafontana.nu\/wp-content\/uploads\/2023\/01\/cropped-LaFontanaCropped.png","width":512,"height":512,"caption":"La Fontana"},"image":{"@id":"https:\/\/lafontana.nu\/#\/schema\/logo\/image\/"},"sameAs":["https:\/\/www.instagram.com\/lafontanasodertalje\/"]}]}},"_links":{"self":[{"href":"https:\/\/lafontana.nu\/en\/wp-json\/wp\/v2\/pages\/539","targetHints":{"allow":["GET"]}}],"collection":[{"href":"https:\/\/lafontana.nu\/en\/wp-json\/wp\/v2\/pages"}],"about":[{"href":"https:\/\/lafontana.nu\/en\/wp-json\/wp\/v2\/types\/page"}],"author":[{"embeddable":true,"href":"https:\/\/lafontana.nu\/en\/wp-json\/wp\/v2\/users\/1"}],"replies":[{"embeddable":true,"href":"https:\/\/lafontana.nu\/en\/wp-json\/wp\/v2\/comments?post=539"}],"version-history":[{"count":8,"href":"https:\/\/lafontana.nu\/en\/wp-json\/wp\/v2\/pages\/539\/revisions"}],"predecessor-version":[{"id":1103,"href":"https:\/\/lafontana.nu\/en\/wp-json\/wp\/v2\/pages\/539\/revisions\/1103"}],"wp:featuredmedia":[{"embeddable":true,"href":"https:\/\/lafontana.nu\/en\/wp-json\/wp\/v2\/media\/942"}],"wp:attachment":[{"href":"https:\/\/lafontana.nu\/en\/wp-json\/wp\/v2\/media?parent=539"}],"curies":[{"name":"wp","href":"https:\/\/api.w.org\/{rel}","templated":true}]}}