{"id":6,"date":"2023-01-24T20:30:44","date_gmt":"2023-01-24T19:30:44","guid":{"rendered":"https:\/\/lafontana.nu\/?page_id=6"},"modified":"2025-09-08T16:34:35","modified_gmt":"2025-09-08T14:34:35","slug":"hem","status":"publish","type":"page","link":"https:\/\/lafontana.nu\/en\/","title":{"rendered":"Home"},"content":{"rendered":"<div data-elementor-type=\"wp-post\" data-elementor-id=\"6\" class=\"elementor elementor-6\" data-elementor-post-type=\"page\">\n\t\t\t\t\t\t<main class=\"elementor-section elementor-top-section elementor-element elementor-element-84afd70 elementor-section-full_width elementor-section-height-min-height elementor-section-items-stretch elementor-section-content-middle elementor-section-height-default\" data-id=\"84afd70\" data-element_type=\"section\" data-e-type=\"section\" data-settings=\"{&quot;background_background&quot;:&quot;video&quot;,&quot;background_video_link&quot;:&quot;https:\\\/\\\/youtu.be\\\/z7q9pdm0vKs&quot;,&quot;background_play_on_mobile&quot;:&quot;yes&quot;}\">\n\t\t\t\t\t\t\t\t<div class=\"elementor-background-video-container\">\n\t\t\t\t\t\t\t\t\t\t\t\t\t<div class=\"elementor-background-video-embed\" role=\"presentation\"><\/div>\n\t\t\t\t\t\t\t\t\t\t\t\t<\/div>\n\t\t\t\t\t\t\t\t\t<div class=\"elementor-background-overlay\"><\/div>\n\t\t\t\t\t\t\t<div class=\"elementor-container elementor-column-gap-default\">\n\t\t\t\t\t<div class=\"elementor-column elementor-col-100 elementor-top-column elementor-element elementor-element-c247b62\" data-id=\"c247b62\" data-element_type=\"column\" data-e-type=\"column\">\n\t\t\t<div class=\"elementor-widget-wrap elementor-element-populated\">\n\t\t\t\t\t\t<div class=\"elementor-element elementor-element-ede09ed elementor-invisible elementor-widget elementor-widget-image\" data-id=\"ede09ed\" data-element_type=\"widget\" data-e-type=\"widget\" data-settings=\"{&quot;_animation&quot;:&quot;fadeIn&quot;}\" data-widget_type=\"image.default\">\n\t\t\t\t<div class=\"elementor-widget-container\">\n\t\t\t\t\t\t\t\t\t\t\t\t\t\t\t<img fetchpriority=\"high\" decoding=\"async\" width=\"700\" height=\"206\" src=\"https:\/\/lafontana.nu\/wp-content\/uploads\/2023\/01\/La-Fontana-xScale-1.png\" class=\"attachment-large size-large wp-image-731\" alt=\"La Fontana\" srcset=\"https:\/\/lafontana.nu\/wp-content\/uploads\/2023\/01\/La-Fontana-xScale-1.png 700w, https:\/\/lafontana.nu\/wp-content\/uploads\/2023\/01\/La-Fontana-xScale-1-300x88.png 300w, https:\/\/lafontana.nu\/wp-content\/uploads\/2023\/01\/La-Fontana-xScale-1-18x5.png 18w, https:\/\/lafontana.nu\/wp-content\/uploads\/2023\/01\/elementor\/thumbs\/La-Fontana-xScale-1-q17cnoko8y0olla9csi96rctt690ii5nvsu6pzv3b2.png 174w\" sizes=\"(max-width: 700px) 100vw, 700px\" \/>\t\t\t\t\t\t\t\t\t\t\t\t\t\t\t<\/div>\n\t\t\t\t<\/div>\n\t\t\t\t<div class=\"elementor-element elementor-element-1bee195 elementor-invisible elementor-widget elementor-widget-heading\" data-id=\"1bee195\" data-element_type=\"widget\" data-e-type=\"widget\" data-settings=\"{&quot;_animation&quot;:&quot;fadeIn&quot;}\" data-widget_type=\"heading.default\">\n\t\t\t\t<div class=\"elementor-widget-container\">\n\t\t\t\t\t<h2 class=\"elementor-heading-title elementor-size-default\">Restaurang &amp; Logi<\/h2>\t\t\t\t<\/div>\n\t\t\t\t<\/div>\n\t\t\t\t<div class=\"elementor-element elementor-element-2cc83b5 elementor-widget elementor-widget-spacer\" data-id=\"2cc83b5\" data-element_type=\"widget\" data-e-type=\"widget\" data-widget_type=\"spacer.default\">\n\t\t\t\t<div class=\"elementor-widget-container\">\n\t\t\t\t\t\t\t<div class=\"elementor-spacer\">\n\t\t\t<div class=\"elementor-spacer-inner\"><\/div>\n\t\t<\/div>\n\t\t\t\t\t\t<\/div>\n\t\t\t\t<\/div>\n\t\t\t\t<div class=\"elementor-element elementor-element-33bcfa8 elementor-widget__width-auto elementor-invisible elementor-widget elementor-widget-button\" data-id=\"33bcfa8\" data-element_type=\"widget\" data-e-type=\"widget\" data-settings=\"{&quot;_animation&quot;:&quot;fadeIn&quot;}\" data-widget_type=\"button.default\">\n\t\t\t\t<div class=\"elementor-widget-container\">\n\t\t\t\t\t\t\t\t\t<div class=\"elementor-button-wrapper\">\n\t\t\t\t\t<a class=\"elementor-button elementor-button-link elementor-size-sm\" href=\"https:\/\/lafontana.nu\/en\/visby\/\" rel=\"nofollow\">\n\t\t\t\t\t\t<span class=\"elementor-button-content-wrapper\">\n\t\t\t\t\t\t\t\t\t<span class=\"elementor-button-text\">Visby<\/span>\n\t\t\t\t\t<\/span>\n\t\t\t\t\t<\/a>\n\t\t\t\t<\/div>\n\t\t\t\t\t\t\t\t<\/div>\n\t\t\t\t<\/div>\n\t\t\t\t\t<\/div>\n\t\t<\/div>\n\t\t\t\t\t<\/div>\n\t\t<\/main>\n\t\t\t\t<\/div>","protected":false},"excerpt":{"rendered":"<p>Restaurang &amp; Logi Visby<\/p>","protected":false},"author":1,"featured_media":942,"parent":0,"menu_order":0,"comment_status":"closed","ping_status":"closed","template":"elementor_header_footer","meta":{"footnotes":""},"class_list":["post-6","page","type-page","status-publish","has-post-thumbnail","hentry"],"yoast_head":"<!-- This site is optimized with the Yoast SEO plugin v27.1.1 - https:\/\/yoast.com\/product\/yoast-seo-wordpress\/ -->\n<title>La Fontana - Restaurang &amp; Logi<\/title>\n<meta name=\"description\" content=\"V\u00e5rt koncept handlar om att skapa en meny d\u00e4r v\u00e5ra g\u00e4ster kan \u00e5tnjuta en god middag i en avslappnade milj\u00f6.\" \/>\n<meta name=\"robots\" content=\"index, follow, max-snippet:-1, max-image-preview:large, max-video-preview:-1\" \/>\n<link rel=\"canonical\" href=\"https:\/\/lafontana.nu\/en\/\" \/>\n<meta property=\"og:locale\" content=\"en_GB\" \/>\n<meta property=\"og:type\" content=\"article\" \/>\n<meta property=\"og:title\" content=\"La Fontana - Restaurang &amp; Logi\" \/>\n<meta property=\"og:description\" content=\"V\u00e5rt koncept handlar om att skapa en meny d\u00e4r v\u00e5ra g\u00e4ster kan \u00e5tnjuta en god middag i en avslappnade milj\u00f6.\" \/>\n<meta property=\"og:url\" content=\"https:\/\/lafontana.nu\/en\/\" \/>\n<meta property=\"og:site_name\" content=\"lafontana.nu\" \/>\n<meta property=\"article:modified_time\" content=\"2025-09-08T14:34:35+00:00\" \/>\n<meta property=\"og:image\" content=\"https:\/\/lafontana.nu\/wp-content\/uploads\/2023\/01\/La-Fontana-Google-banner.jpg\" \/>\n\t<meta property=\"og:image:width\" content=\"544\" \/>\n\t<meta property=\"og:image:height\" content=\"252\" \/>\n\t<meta property=\"og:image:type\" content=\"image\/jpeg\" \/>\n<meta name=\"twitter:card\" content=\"summary_large_image\" \/>\n<meta name=\"twitter:title\" content=\"La Fontana - Restaurang &amp; Logi\" \/>\n<meta name=\"twitter:description\" content=\"V\u00e5rt koncept handlar om att skapa en meny d\u00e4r v\u00e5ra g\u00e4ster kan \u00e5tnjuta en god middag i en avslappnade milj\u00f6.\" \/>\n<meta name=\"twitter:image\" content=\"https:\/\/lafontana.nu\/wp-content\/uploads\/2023\/01\/La-Fontana-Google-banner.jpg\" \/>\n<meta name=\"twitter:label1\" content=\"Estimated reading time\" \/>\n\t<meta name=\"twitter:data1\" content=\"1 minute\" \/>\n<script type=\"application\/ld+json\" class=\"yoast-schema-graph\">{\"@context\":\"https:\/\/schema.org\",\"@graph\":[{\"@type\":\"WebPage\",\"@id\":\"https:\/\/lafontana.nu\/\",\"url\":\"https:\/\/lafontana.nu\/\",\"name\":\"La Fontana - Restaurang & Logi\",\"isPartOf\":{\"@id\":\"https:\/\/lafontana.nu\/#website\"},\"primaryImageOfPage\":{\"@id\":\"https:\/\/lafontana.nu\/#primaryimage\"},\"image\":{\"@id\":\"https:\/\/lafontana.nu\/#primaryimage\"},\"thumbnailUrl\":\"https:\/\/lafontana.nu\/wp-content\/uploads\/2023\/01\/La-Fontana-Google-banner.jpg\",\"datePublished\":\"2023-01-24T19:30:44+00:00\",\"dateModified\":\"2025-09-08T14:34:35+00:00\",\"description\":\"V\u00e5rt koncept handlar om att skapa en meny d\u00e4r v\u00e5ra g\u00e4ster kan \u00e5tnjuta en god middag i en avslappnade milj\u00f6.\",\"breadcrumb\":{\"@id\":\"https:\/\/lafontana.nu\/#breadcrumb\"},\"inLanguage\":\"en-GB\",\"potentialAction\":[{\"@type\":\"ReadAction\",\"target\":[\"https:\/\/lafontana.nu\/\"]}]},{\"@type\":\"ImageObject\",\"inLanguage\":\"en-GB\",\"@id\":\"https:\/\/lafontana.nu\/#primaryimage\",\"url\":\"https:\/\/lafontana.nu\/wp-content\/uploads\/2023\/01\/La-Fontana-Google-banner.jpg\",\"contentUrl\":\"https:\/\/lafontana.nu\/wp-content\/uploads\/2023\/01\/La-Fontana-Google-banner.jpg\",\"width\":544,\"height\":252},{\"@type\":\"BreadcrumbList\",\"@id\":\"https:\/\/lafontana.nu\/#breadcrumb\",\"itemListElement\":[{\"@type\":\"ListItem\",\"position\":1,\"name\":\"Hem\",\"item\":\"https:\/\/lafontana.nu\/\"},{\"@type\":\"ListItem\",\"position\":2,\"name\":\"Hem\"}]},{\"@type\":\"WebSite\",\"@id\":\"https:\/\/lafontana.nu\/#website\",\"url\":\"https:\/\/lafontana.nu\/\",\"name\":\"La Fontana\",\"description\":\"Restaurang &amp; Logi\",\"publisher\":{\"@id\":\"https:\/\/lafontana.nu\/#organization\"},\"alternateName\":\"La Fontana\",\"potentialAction\":[{\"@type\":\"SearchAction\",\"target\":{\"@type\":\"EntryPoint\",\"urlTemplate\":\"https:\/\/lafontana.nu\/?s={search_term_string}\"},\"query-input\":{\"@type\":\"PropertyValueSpecification\",\"valueRequired\":true,\"valueName\":\"search_term_string\"}}],\"inLanguage\":\"en-GB\"},{\"@type\":\"Organization\",\"@id\":\"https:\/\/lafontana.nu\/#organization\",\"name\":\"La Fontana\",\"alternateName\":\"La Fontana\",\"url\":\"https:\/\/lafontana.nu\/\",\"logo\":{\"@type\":\"ImageObject\",\"inLanguage\":\"en-GB\",\"@id\":\"https:\/\/lafontana.nu\/#\/schema\/logo\/image\/\",\"url\":\"https:\/\/lafontana.nu\/wp-content\/uploads\/2023\/01\/cropped-LaFontanaCropped.png\",\"contentUrl\":\"https:\/\/lafontana.nu\/wp-content\/uploads\/2023\/01\/cropped-LaFontanaCropped.png\",\"width\":512,\"height\":512,\"caption\":\"La Fontana\"},\"image\":{\"@id\":\"https:\/\/lafontana.nu\/#\/schema\/logo\/image\/\"},\"sameAs\":[\"https:\/\/www.instagram.com\/lafontanasodertalje\/\"]}]}<\/script>\n<!-- \/ Yoast SEO plugin. -->","yoast_head_json":{"title":"La Fontana - Restaurang & Logi","description":"V\u00e5rt koncept handlar om att skapa en meny d\u00e4r v\u00e5ra g\u00e4ster kan \u00e5tnjuta en god middag i en avslappnade milj\u00f6.","robots":{"index":"index","follow":"follow","max-snippet":"max-snippet:-1","max-image-preview":"max-image-preview:large","max-video-preview":"max-video-preview:-1"},"canonical":"https:\/\/lafontana.nu\/en\/","og_locale":"en_GB","og_type":"article","og_title":"La Fontana - Restaurang & Logi","og_description":"V\u00e5rt koncept handlar om att skapa en meny d\u00e4r v\u00e5ra g\u00e4ster kan \u00e5tnjuta en god middag i en avslappnade milj\u00f6.","og_url":"https:\/\/lafontana.nu\/en\/","og_site_name":"lafontana.nu","article_modified_time":"2025-09-08T14:34:35+00:00","og_image":[{"width":544,"height":252,"url":"https:\/\/lafontana.nu\/wp-content\/uploads\/2023\/01\/La-Fontana-Google-banner.jpg","type":"image\/jpeg"}],"twitter_card":"summary_large_image","twitter_title":"La Fontana - Restaurang & Logi","twitter_description":"V\u00e5rt koncept handlar om att skapa en meny d\u00e4r v\u00e5ra g\u00e4ster kan \u00e5tnjuta en god middag i en avslappnade milj\u00f6.","twitter_image":"https:\/\/lafontana.nu\/wp-content\/uploads\/2023\/01\/La-Fontana-Google-banner.jpg","twitter_misc":{"Estimated reading time":"1 minute"},"schema":{"@context":"https:\/\/schema.org","@graph":[{"@type":"WebPage","@id":"https:\/\/lafontana.nu\/","url":"https:\/\/lafontana.nu\/","name":"La Fontana - Restaurang & Logi","isPartOf":{"@id":"https:\/\/lafontana.nu\/#website"},"primaryImageOfPage":{"@id":"https:\/\/lafontana.nu\/#primaryimage"},"image":{"@id":"https:\/\/lafontana.nu\/#primaryimage"},"thumbnailUrl":"https:\/\/lafontana.nu\/wp-content\/uploads\/2023\/01\/La-Fontana-Google-banner.jpg","datePublished":"2023-01-24T19:30:44+00:00","dateModified":"2025-09-08T14:34:35+00:00","description":"V\u00e5rt koncept handlar om att skapa en meny d\u00e4r v\u00e5ra g\u00e4ster kan \u00e5tnjuta en god middag i en avslappnade milj\u00f6.","breadcrumb":{"@id":"https:\/\/lafontana.nu\/#breadcrumb"},"inLanguage":"en-GB","potentialAction":[{"@type":"ReadAction","target":["https:\/\/lafontana.nu\/"]}]},{"@type":"ImageObject","inLanguage":"en-GB","@id":"https:\/\/lafontana.nu\/#primaryimage","url":"https:\/\/lafontana.nu\/wp-content\/uploads\/2023\/01\/La-Fontana-Google-banner.jpg","contentUrl":"https:\/\/lafontana.nu\/wp-content\/uploads\/2023\/01\/La-Fontana-Google-banner.jpg","width":544,"height":252},{"@type":"BreadcrumbList","@id":"https:\/\/lafontana.nu\/#breadcrumb","itemListElement":[{"@type":"ListItem","position":1,"name":"Hem","item":"https:\/\/lafontana.nu\/"},{"@type":"ListItem","position":2,"name":"Hem"}]},{"@type":"WebSite","@id":"https:\/\/lafontana.nu\/#website","url":"https:\/\/lafontana.nu\/","name":"La Fontana","description":"Restaurang &amp; Logi","publisher":{"@id":"https:\/\/lafontana.nu\/#organization"},"alternateName":"La Fontana","potentialAction":[{"@type":"SearchAction","target":{"@type":"EntryPoint","urlTemplate":"https:\/\/lafontana.nu\/?s={search_term_string}"},"query-input":{"@type":"PropertyValueSpecification","valueRequired":true,"valueName":"search_term_string"}}],"inLanguage":"en-GB"},{"@type":"Organization","@id":"https:\/\/lafontana.nu\/#organization","name":"La Fontana","alternateName":"La Fontana","url":"https:\/\/lafontana.nu\/","logo":{"@type":"ImageObject","inLanguage":"en-GB","@id":"https:\/\/lafontana.nu\/#\/schema\/logo\/image\/","url":"https:\/\/lafontana.nu\/wp-content\/uploads\/2023\/01\/cropped-LaFontanaCropped.png","contentUrl":"https:\/\/lafontana.nu\/wp-content\/uploads\/2023\/01\/cropped-LaFontanaCropped.png","width":512,"height":512,"caption":"La Fontana"},"image":{"@id":"https:\/\/lafontana.nu\/#\/schema\/logo\/image\/"},"sameAs":["https:\/\/www.instagram.com\/lafontanasodertalje\/"]}]}},"_links":{"self":[{"href":"https:\/\/lafontana.nu\/en\/wp-json\/wp\/v2\/pages\/6","targetHints":{"allow":["GET"]}}],"collection":[{"href":"https:\/\/lafontana.nu\/en\/wp-json\/wp\/v2\/pages"}],"about":[{"href":"https:\/\/lafontana.nu\/en\/wp-json\/wp\/v2\/types\/page"}],"author":[{"embeddable":true,"href":"https:\/\/lafontana.nu\/en\/wp-json\/wp\/v2\/users\/1"}],"replies":[{"embeddable":true,"href":"https:\/\/lafontana.nu\/en\/wp-json\/wp\/v2\/comments?post=6"}],"version-history":[{"count":98,"href":"https:\/\/lafontana.nu\/en\/wp-json\/wp\/v2\/pages\/6\/revisions"}],"predecessor-version":[{"id":1853,"href":"https:\/\/lafontana.nu\/en\/wp-json\/wp\/v2\/pages\/6\/revisions\/1853"}],"wp:featuredmedia":[{"embeddable":true,"href":"https:\/\/lafontana.nu\/en\/wp-json\/wp\/v2\/media\/942"}],"wp:attachment":[{"href":"https:\/\/lafontana.nu\/en\/wp-json\/wp\/v2\/media?parent=6"}],"curies":[{"name":"wp","href":"https:\/\/api.w.org\/{rel}","templated":true}]}}